{"id":23,"date":"2024-09-11T15:58:07","date_gmt":"2024-09-11T13:58:07","guid":{"rendered":"https:\/\/fliesen-opel-ocholt.de\/?page_id=23"},"modified":"2025-09-19T13:15:06","modified_gmt":"2025-09-19T11:15:06","slug":"service","status":"publish","type":"page","link":"https:\/\/fliesen-opel-ocholt.de\/fliesenarbeiten\/","title":{"rendered":"Fliesenarbeiten"},"content":{"rendered":"\t\t<div data-elementor-type=\"wp-page\" data-elementor-id=\"23\" class=\"elementor elementor-23\" data-elementor-post-type=\"page\">\n\t\t\t\t<div class=\"elementor-element elementor-element-6e784503 e-con-full elementor-hidden-mobile e-flex e-con e-parent\" data-id=\"6e784503\" data-element_type=\"container\" data-settings=\"{&quot;background_background&quot;:&quot;slideshow&quot;,&quot;background_slideshow_gallery&quot;:[{&quot;id&quot;:155,&quot;url&quot;:&quot;https:\\\/\\\/fliesen-opel-ocholt.de\\\/wp-content\\\/uploads\\\/2024\\\/09\\\/fliesen-opel-fliesenarbeiten-ochholt-header.jpg&quot;}],&quot;background_slideshow_loop&quot;:&quot;yes&quot;,&quot;background_slideshow_slide_duration&quot;:5000,&quot;background_slideshow_slide_transition&quot;:&quot;fade&quot;,&quot;background_slideshow_transition_duration&quot;:500}\">\n\t\t<div class=\"elementor-element elementor-element-5c594d10 e-flex e-con-boxed e-con e-child\" data-id=\"5c594d10\" data-element_type=\"container\" data-settings=\"{&quot;background_background&quot;:&quot;classic&quot;}\">\n\t\t\t\t\t<div class=\"e-con-inner\">\n\t\t\t\t<div class=\"elementor-element elementor-element-2da08bf8 elementor-widget__width-initial elementor-widget elementor-widget-heading\" data-id=\"2da08bf8\" data-element_type=\"widget\" data-widget_type=\"heading.default\">\n\t\t\t\t<div class=\"elementor-widget-container\">\n\t\t\t\t\t<h1 class=\"elementor-heading-title elementor-size-default\">Fliesenarbeiten<\/h1>\t\t\t\t<\/div>\n\t\t\t\t<\/div>\n\t\t\t\t<div class=\"elementor-element elementor-element-3b4095c0 elementor-widget__width-initial elementor-widget elementor-widget-heading\" data-id=\"3b4095c0\" data-element_type=\"widget\" data-widget_type=\"heading.default\">\n\t\t\t\t<div class=\"elementor-widget-container\">\n\t\t\t\t\t<h2 class=\"elementor-heading-title elementor-size-default\">Fliesenlegerarbeiten f\u00fcr Privat und Gewerbe<\/h2>\t\t\t\t<\/div>\n\t\t\t\t<\/div>\n\t\t\t\t<div class=\"elementor-element elementor-element-4ae8fd96 elementor-widget__width-initial elementor-widget elementor-widget-text-editor\" data-id=\"4ae8fd96\" data-element_type=\"widget\" data-widget_type=\"text-editor.default\">\n\t\t\t\t<div class=\"elementor-widget-container\">\n\t\t\t\t\t\t\t\t\t<p>Von der individuellen Planung bis zur pr\u00e4zisen Umsetzung bieten wir meisterhafte Fliesenleger Qualit\u00e4t und umfassenden Service rund um Fliesen, Platten und Mosaik aus einer Hand.<\/p>\t\t\t\t\t\t\t\t<\/div>\n\t\t\t\t<\/div>\n\t\t\t\t\t<\/div>\n\t\t\t\t<\/div>\n\t\t\t\t<\/div>\n\t\t<div class=\"elementor-element elementor-element-b21affc e-con-full elementor-hidden-desktop elementor-hidden-tablet e-flex e-con e-parent\" data-id=\"b21affc\" data-element_type=\"container\">\n\t\t\t\t<div class=\"elementor-element elementor-element-cf15fa6 elementor-widget elementor-widget-image\" data-id=\"cf15fa6\" data-element_type=\"widget\" data-widget_type=\"image.default\">\n\t\t\t\t<div class=\"elementor-widget-container\">\n\t\t\t\t\t\t\t\t\t\t\t\t\t\t\t<img fetchpriority=\"high\" decoding=\"async\" width=\"800\" height=\"400\" src=\"https:\/\/fliesen-opel-ocholt.de\/wp-content\/uploads\/2024\/09\/fliesen-opel-fliesenarbeiten-ochholt-header-1024x512.jpg\" class=\"attachment-large size-large wp-image-155\" alt=\"Meisterbetrieb Fliesen Opel Ocholt - Fliesenarbeiten\" srcset=\"https:\/\/fliesen-opel-ocholt.de\/wp-content\/uploads\/2024\/09\/fliesen-opel-fliesenarbeiten-ochholt-header-1024x512.jpg 1024w, https:\/\/fliesen-opel-ocholt.de\/wp-content\/uploads\/2024\/09\/fliesen-opel-fliesenarbeiten-ochholt-header-300x150.jpg 300w, https:\/\/fliesen-opel-ocholt.de\/wp-content\/uploads\/2024\/09\/fliesen-opel-fliesenarbeiten-ochholt-header-768x384.jpg 768w, https:\/\/fliesen-opel-ocholt.de\/wp-content\/uploads\/2024\/09\/fliesen-opel-fliesenarbeiten-ochholt-header.jpg 1440w\" sizes=\"(max-width: 800px) 100vw, 800px\" \/>\t\t\t\t\t\t\t\t\t\t\t\t\t\t\t<\/div>\n\t\t\t\t<\/div>\n\t\t<div class=\"elementor-element elementor-element-37ef38d e-flex e-con-boxed e-con e-child\" data-id=\"37ef38d\" data-element_type=\"container\" data-settings=\"{&quot;background_background&quot;:&quot;classic&quot;}\">\n\t\t\t\t\t<div class=\"e-con-inner\">\n\t\t\t\t<div class=\"elementor-element elementor-element-a33563e elementor-widget__width-initial elementor-widget elementor-widget-heading\" data-id=\"a33563e\" data-element_type=\"widget\" data-widget_type=\"heading.default\">\n\t\t\t\t<div class=\"elementor-widget-container\">\n\t\t\t\t\t<h1 class=\"elementor-heading-title elementor-size-default\">Fliesenarbeiten<\/h1>\t\t\t\t<\/div>\n\t\t\t\t<\/div>\n\t\t\t\t<div class=\"elementor-element elementor-element-512ef39 elementor-widget__width-initial elementor-widget elementor-widget-heading\" data-id=\"512ef39\" data-element_type=\"widget\" data-widget_type=\"heading.default\">\n\t\t\t\t<div class=\"elementor-widget-container\">\n\t\t\t\t\t<h2 class=\"elementor-heading-title elementor-size-default\">Fliesenlegerarbeiten f\u00fcr Privat und Gewerbe<\/h2>\t\t\t\t<\/div>\n\t\t\t\t<\/div>\n\t\t\t\t<div class=\"elementor-element elementor-element-a13bd4a elementor-widget__width-initial elementor-widget elementor-widget-text-editor\" data-id=\"a13bd4a\" data-element_type=\"widget\" data-widget_type=\"text-editor.default\">\n\t\t\t\t<div class=\"elementor-widget-container\">\n\t\t\t\t\t\t\t\t\t<p>Von der individuellen Planung bis zur pr\u00e4zisen Umsetzung bieten wir meisterhafte Fliesenleger Qualit\u00e4t und umfassenden Service rund um Fliesen, Platten und Mosaik aus einer Hand.<\/p>\t\t\t\t\t\t\t\t<\/div>\n\t\t\t\t<\/div>\n\t\t\t\t\t<\/div>\n\t\t\t\t<\/div>\n\t\t\t\t<\/div>\n\t\t<div class=\"elementor-element elementor-element-2ebf59d e-flex e-con-boxed e-con e-parent\" data-id=\"2ebf59d\" data-element_type=\"container\" id=\"angebot\">\n\t\t\t\t\t<div class=\"e-con-inner\">\n\t\t<div class=\"elementor-element elementor-element-6a62105 e-con-full e-flex e-con e-child\" data-id=\"6a62105\" data-element_type=\"container\">\n\t\t\t\t<div class=\"elementor-element elementor-element-a13e157 elementor-widget elementor-widget-heading\" data-id=\"a13e157\" data-element_type=\"widget\" data-widget_type=\"heading.default\">\n\t\t\t\t<div class=\"elementor-widget-container\">\n\t\t\t\t\t<h2 class=\"elementor-heading-title elementor-size-default\">Neubau,<br>\nRenovierung,<br>\nModernisierung<\/h2>\t\t\t\t<\/div>\n\t\t\t\t<\/div>\n\t\t\t\t<div class=\"elementor-element elementor-element-6af6586 elementor-widget__width-initial elementor-widget elementor-widget-text-editor\" data-id=\"6af6586\" data-element_type=\"widget\" data-widget_type=\"text-editor.default\">\n\t\t\t\t<div class=\"elementor-widget-container\">\n\t\t\t\t\t\t\t\t\t<p>Mit jahrelanger Erfahrung und modernster Technik sorgen wir daf\u00fcr, dass Ihre Fliesenarbeiten perfekt auf Ihre W\u00fcnsche abgestimmt sind.<\/p>\t\t\t\t\t\t\t\t<\/div>\n\t\t\t\t<\/div>\n\t\t\t\t<div class=\"elementor-element elementor-element-6743216 elementor-widget elementor-widget-text-editor\" data-id=\"6743216\" data-element_type=\"widget\" data-widget_type=\"text-editor.default\">\n\t\t\t\t<div class=\"elementor-widget-container\">\n\t\t\t\t\t\t\t\t\t<p>Vertrauen Sie auf unsere Expertise f\u00fcr Ihre privaten und gewerblichen Projekte und lassen Sie uns Ihre R\u00e4ume mit hochwertigen Fliesen neu gestalten.<\/p>\t\t\t\t\t\t\t\t<\/div>\n\t\t\t\t<\/div>\n\t\t\t\t<\/div>\n\t\t<div class=\"elementor-element elementor-element-896e66b e-con-full e-flex e-con e-child\" data-id=\"896e66b\" data-element_type=\"container\">\n\t\t\t\t<div class=\"elementor-element elementor-element-79483cb e-transform elementor-invisible elementor-widget elementor-widget-image\" data-id=\"79483cb\" data-element_type=\"widget\" data-settings=\"{&quot;_transform_translateX_effect&quot;:{&quot;unit&quot;:&quot;rem&quot;,&quot;size&quot;:2,&quot;sizes&quot;:[]},&quot;_transform_translateX_effect_tablet&quot;:{&quot;unit&quot;:&quot;rem&quot;,&quot;size&quot;:&quot;&quot;,&quot;sizes&quot;:[]},&quot;_transform_translateX_effect_mobile&quot;:{&quot;unit&quot;:&quot;rem&quot;,&quot;size&quot;:&quot;&quot;,&quot;sizes&quot;:[]},&quot;_transform_translateY_effect&quot;:{&quot;unit&quot;:&quot;rem&quot;,&quot;size&quot;:5,&quot;sizes&quot;:[]},&quot;_transform_translateY_effect_tablet&quot;:{&quot;unit&quot;:&quot;rem&quot;,&quot;size&quot;:&quot;&quot;,&quot;sizes&quot;:[]},&quot;_transform_translateY_effect_mobile&quot;:{&quot;unit&quot;:&quot;rem&quot;,&quot;size&quot;:3,&quot;sizes&quot;:[]},&quot;_animation&quot;:&quot;slideInRight&quot;}\" data-widget_type=\"image.default\">\n\t\t\t\t<div class=\"elementor-widget-container\">\n\t\t\t\t\t\t\t\t\t\t\t\t\t\t\t<img decoding=\"async\" src=\"https:\/\/fliesen-opel-ocholt.de\/wp-content\/uploads\/elementor\/thumbs\/fliesen-opel-referenz-waschtisch-e1742986642108-r3fb82nsw26brjw4y3m4funrq3ag8al13fw42ys7pc.jpg\" title=\"fliesen-opel-referenz-waschtisch\" alt=\"fliesen-opel-referenz-waschtisch\" loading=\"lazy\" \/>\t\t\t\t\t\t\t\t\t\t\t\t\t\t\t<\/div>\n\t\t\t\t<\/div>\n\t\t\t\t<\/div>\n\t\t\t\t\t<\/div>\n\t\t\t\t<\/div>\n\t\t<div class=\"elementor-element elementor-element-0ac5126 e-flex e-con-boxed e-con e-parent\" data-id=\"0ac5126\" data-element_type=\"container\" data-settings=\"{&quot;background_background&quot;:&quot;classic&quot;}\">\n\t\t\t\t\t<div class=\"e-con-inner\">\n\t\t<div class=\"elementor-element elementor-element-c492bbf e-con-full e-flex e-con e-child\" data-id=\"c492bbf\" data-element_type=\"container\">\n\t\t\t\t<div class=\"elementor-element elementor-element-d04ebd1 elementor-widget elementor-widget-heading\" data-id=\"d04ebd1\" data-element_type=\"widget\" data-widget_type=\"heading.default\">\n\t\t\t\t<div class=\"elementor-widget-container\">\n\t\t\t\t\t<h2 class=\"elementor-heading-title elementor-size-default\">Professionell<br>\n&amp;\nFachgerecht<\/h2>\t\t\t\t<\/div>\n\t\t\t\t<\/div>\n\t\t\t\t<div class=\"elementor-element elementor-element-24f9307 elementor-widget__width-initial elementor-widget elementor-widget-text-editor\" data-id=\"24f9307\" data-element_type=\"widget\" data-widget_type=\"text-editor.default\">\n\t\t\t\t<div class=\"elementor-widget-container\">\n\t\t\t\t\t\t\t\t\t<p>Bei uns steht die sorgf\u00e4ltige Ausf\u00fchrung an erster Stelle. Wir nehmen uns Zeit f\u00fcr jedes Detail, um sicherzustellen, dass alle Arbeiten pr\u00e4zise und professionell umgesetzt werden.<\/p>\t\t\t\t\t\t\t\t<\/div>\n\t\t\t\t<\/div>\n\t\t\t\t<\/div>\n\t\t<div class=\"elementor-element elementor-element-f05f748 e-con-full e-flex e-con e-child\" data-id=\"f05f748\" data-element_type=\"container\">\n\t\t\t\t<div class=\"elementor-element elementor-element-3abfdfc elementor-widget__width-initial elementor-widget elementor-widget-text-editor\" data-id=\"3abfdfc\" data-element_type=\"widget\" data-widget_type=\"text-editor.default\">\n\t\t\t\t<div class=\"elementor-widget-container\">\n\t\t\t\t\t\t\t\t\t<p>Von der Auswahl der Materialien bis hin zur finalen Ausf\u00fchrung \u2013 wir setzen alles daran, Ihre W\u00fcnsche in h\u00f6chster Qualit\u00e4t zu realisieren.<\/p><p>Dabei legen wir gro\u00dfen Wert auf Langlebigkeit. Wir verwenden nur hochwertige Materialien und arbeiten mit bew\u00e4hrten Techniken, um sicherzustellen, dass das Ergebnis auch langfristig h\u00e4lt. So k\u00f6nnen Sie sich darauf verlassen, dass Ihre Investition auch in den kommenden Jahren noch genauso gut aussieht und funktioniert.<\/p><p>Das ansprechende Design ist f\u00fcr uns genauso wichtig wie die Funktionalit\u00e4t. Wir bieten Ihnen kreative L\u00f6sungen, die nicht nur praktisch sind, sondern auch \u00e4sthetisch \u00fcberzeugen und Ihrem Raum eine individuelle Note verleihen.<\/p>\t\t\t\t\t\t\t\t<\/div>\n\t\t\t\t<\/div>\n\t\t\t\t<\/div>\n\t\t\t\t\t<\/div>\n\t\t\t\t<\/div>\n\t\t<div class=\"elementor-element elementor-element-219a828 e-flex e-con-boxed e-con e-parent\" data-id=\"219a828\" data-element_type=\"container\" id=\"leistungen\">\n\t\t\t\t\t<div class=\"e-con-inner\">\n\t\t<div class=\"elementor-element elementor-element-ecb9f19 e-con-full e-flex e-con e-child\" data-id=\"ecb9f19\" data-element_type=\"container\">\n\t\t\t\t<div class=\"elementor-element elementor-element-5d0ce5f e-transform elementor-invisible elementor-widget elementor-widget-image\" data-id=\"5d0ce5f\" data-element_type=\"widget\" data-settings=\"{&quot;_transform_translateX_effect&quot;:{&quot;unit&quot;:&quot;rem&quot;,&quot;size&quot;:-2.5,&quot;sizes&quot;:[]},&quot;_transform_translateX_effect_tablet&quot;:{&quot;unit&quot;:&quot;rem&quot;,&quot;size&quot;:&quot;&quot;,&quot;sizes&quot;:[]},&quot;_transform_translateX_effect_mobile&quot;:{&quot;unit&quot;:&quot;rem&quot;,&quot;size&quot;:-2.5,&quot;sizes&quot;:[]},&quot;_transform_translateY_effect&quot;:{&quot;unit&quot;:&quot;rem&quot;,&quot;size&quot;:-5,&quot;sizes&quot;:[]},&quot;_transform_translateY_effect_tablet&quot;:{&quot;unit&quot;:&quot;rem&quot;,&quot;size&quot;:-10,&quot;sizes&quot;:[]},&quot;_transform_translateY_effect_mobile&quot;:{&quot;unit&quot;:&quot;rem&quot;,&quot;size&quot;:-3,&quot;sizes&quot;:[]},&quot;_animation&quot;:&quot;slideInLeft&quot;}\" data-widget_type=\"image.default\">\n\t\t\t\t<div class=\"elementor-widget-container\">\n\t\t\t\t\t\t\t\t\t\t\t\t\t\t\t<img decoding=\"async\" width=\"600\" height=\"800\" src=\"https:\/\/fliesen-opel-ocholt.de\/wp-content\/uploads\/2024\/12\/fliesen-opel-referenz-regendusche.jpg\" class=\"attachment-large size-large wp-image-536\" alt=\"\" srcset=\"https:\/\/fliesen-opel-ocholt.de\/wp-content\/uploads\/2024\/12\/fliesen-opel-referenz-regendusche.jpg 600w, https:\/\/fliesen-opel-ocholt.de\/wp-content\/uploads\/2024\/12\/fliesen-opel-referenz-regendusche-225x300.jpg 225w\" sizes=\"(max-width: 600px) 100vw, 600px\" \/>\t\t\t\t\t\t\t\t\t\t\t\t\t\t\t<\/div>\n\t\t\t\t<\/div>\n\t\t\t\t<\/div>\n\t\t<div class=\"elementor-element elementor-element-8a31ebe e-con-full e-flex e-con e-child\" data-id=\"8a31ebe\" data-element_type=\"container\">\n\t\t\t\t<div class=\"elementor-element elementor-element-3237754 elementor-widget elementor-widget-heading\" data-id=\"3237754\" data-element_type=\"widget\" data-widget_type=\"heading.default\">\n\t\t\t\t<div class=\"elementor-widget-container\">\n\t\t\t\t\t<h2 class=\"elementor-heading-title elementor-size-default\">Pr\u00e4zise,<br>\nStilvoll,<br>\nLanglebig<\/h2>\t\t\t\t<\/div>\n\t\t\t\t<\/div>\n\t\t\t\t<div class=\"elementor-element elementor-element-c5985c4 elementor-widget__width-initial elementor-widget elementor-widget-text-editor\" data-id=\"c5985c4\" data-element_type=\"widget\" data-widget_type=\"text-editor.default\">\n\t\t\t\t<div class=\"elementor-widget-container\">\n\t\t\t\t\t\t\t\t\t<p>Wir bieten hochwertige Fliesenverlegung f\u00fcr s\u00e4mtliche Bereiche im Innen- und Au\u00dfenbereich an Wand und Boden.<\/p>\t\t\t\t\t\t\t\t<\/div>\n\t\t\t\t<\/div>\n\t\t\t\t<div class=\"elementor-element elementor-element-757fa7f elementor-widget elementor-widget-text-editor\" data-id=\"757fa7f\" data-element_type=\"widget\" data-widget_type=\"text-editor.default\">\n\t\t\t\t<div class=\"elementor-widget-container\">\n\t\t\t\t\t\t\t\t\t<p>Vom klassischen Bad bis zur modernen Terrasse, vom Mosaik bis zum Gro\u00dfformat. Unsere Arbeiten verbinden Funktionalit\u00e4t mit \u00c4sthetik und sorgen f\u00fcr ein langlebiges Ergebnis.<\/p><p><strong>Unsere Leistungen im \u00dcberblick:<\/strong><\/p><ul><li>B\u00e4der &amp; Duschen<\/li><li>K\u00fcchen &amp; Wohnr\u00e4ume<\/li><li>Arbeitsr\u00e4ume<\/li><li>Balkone &amp; Terrassen<\/li><li>Winterg\u00e4rten &amp; Sommerg\u00e4rten<\/li><li>Treppenanlagen<\/li><li>Mosaikb\u00f6den<\/li><li>Gro\u00dfformatfliesen<\/li><\/ul><p>\u00a0<\/p><p>Besuchen Sie uns gerne zur Beratung in unserer <a href=\"\/fliesenhandel\">Fliesenaustellung<\/a>.<\/p>\t\t\t\t\t\t\t\t<\/div>\n\t\t\t\t<\/div>\n\t\t\t\t<\/div>\n\t\t\t\t\t<\/div>\n\t\t\t\t<\/div>\n\t\t<div class=\"elementor-element elementor-element-061eb49 e-con-full e-flex e-con e-parent\" data-id=\"061eb49\" data-element_type=\"container\" id=\"badsanierung\">\n\t\t<div class=\"elementor-element elementor-element-8b28cb4 e-flex e-con-boxed e-con e-child\" data-id=\"8b28cb4\" data-element_type=\"container\" data-settings=\"{&quot;background_background&quot;:&quot;classic&quot;}\">\n\t\t\t\t\t<div class=\"e-con-inner\">\n\t\t<div class=\"elementor-element elementor-element-4936314 e-con-full e-flex e-con e-child\" data-id=\"4936314\" data-element_type=\"container\">\n\t\t\t\t<div class=\"elementor-element elementor-element-1b4f8f8 e-transform elementor-invisible elementor-widget elementor-widget-image\" data-id=\"1b4f8f8\" data-element_type=\"widget\" data-settings=\"{&quot;_transform_translateY_effect&quot;:{&quot;unit&quot;:&quot;rem&quot;,&quot;size&quot;:-6,&quot;sizes&quot;:[]},&quot;_transform_translateY_effect_tablet&quot;:{&quot;unit&quot;:&quot;rem&quot;,&quot;size&quot;:-8,&quot;sizes&quot;:[]},&quot;_transform_translateY_effect_mobile&quot;:{&quot;unit&quot;:&quot;rem&quot;,&quot;size&quot;:0,&quot;sizes&quot;:[]},&quot;_animation&quot;:&quot;slideInRight&quot;,&quot;_transform_translateX_effect&quot;:{&quot;unit&quot;:&quot;px&quot;,&quot;size&quot;:&quot;&quot;,&quot;sizes&quot;:[]},&quot;_transform_translateX_effect_tablet&quot;:{&quot;unit&quot;:&quot;px&quot;,&quot;size&quot;:&quot;&quot;,&quot;sizes&quot;:[]},&quot;_transform_translateX_effect_mobile&quot;:{&quot;unit&quot;:&quot;px&quot;,&quot;size&quot;:&quot;&quot;,&quot;sizes&quot;:[]}}\" data-widget_type=\"image.default\">\n\t\t\t\t<div class=\"elementor-widget-container\">\n\t\t\t\t\t\t\t\t\t\t\t\t\t\t\t<img decoding=\"async\" width=\"600\" height=\"490\" src=\"https:\/\/fliesen-opel-ocholt.de\/wp-content\/uploads\/2025\/07\/fliesen-opel-ocholt-moderne-duschenische.jpg\" class=\"attachment-large size-large wp-image-1140\" alt=\"\" srcset=\"https:\/\/fliesen-opel-ocholt.de\/wp-content\/uploads\/2025\/07\/fliesen-opel-ocholt-moderne-duschenische.jpg 600w, https:\/\/fliesen-opel-ocholt.de\/wp-content\/uploads\/2025\/07\/fliesen-opel-ocholt-moderne-duschenische-300x245.jpg 300w\" sizes=\"(max-width: 600px) 100vw, 600px\" \/>\t\t\t\t\t\t\t\t\t\t\t\t\t\t\t<\/div>\n\t\t\t\t<\/div>\n\t\t\t\t<div class=\"elementor-element elementor-element-a138421 e-transform elementor-invisible elementor-widget elementor-widget-image\" data-id=\"a138421\" data-element_type=\"widget\" data-settings=\"{&quot;_transform_translateY_effect&quot;:{&quot;unit&quot;:&quot;rem&quot;,&quot;size&quot;:-4,&quot;sizes&quot;:[]},&quot;_transform_translateY_effect_tablet&quot;:{&quot;unit&quot;:&quot;rem&quot;,&quot;size&quot;:&quot;&quot;,&quot;sizes&quot;:[]},&quot;_transform_translateY_effect_mobile&quot;:{&quot;unit&quot;:&quot;rem&quot;,&quot;size&quot;:0,&quot;sizes&quot;:[]},&quot;_transform_translateX_effect&quot;:{&quot;unit&quot;:&quot;rem&quot;,&quot;size&quot;:2,&quot;sizes&quot;:[]},&quot;_transform_translateX_effect_tablet&quot;:{&quot;unit&quot;:&quot;rem&quot;,&quot;size&quot;:&quot;&quot;,&quot;sizes&quot;:[]},&quot;_transform_translateX_effect_mobile&quot;:{&quot;unit&quot;:&quot;rem&quot;,&quot;size&quot;:0,&quot;sizes&quot;:[]},&quot;_animation&quot;:&quot;fadeInUp&quot;}\" data-widget_type=\"image.default\">\n\t\t\t\t<div class=\"elementor-widget-container\">\n\t\t\t\t\t\t\t\t\t\t\t\t\t\t\t<img loading=\"lazy\" decoding=\"async\" width=\"367\" height=\"600\" src=\"https:\/\/fliesen-opel-ocholt.de\/wp-content\/uploads\/2025\/07\/fliesen-opel-ocholt-moderne-dusche.jpg\" class=\"attachment-large size-large wp-image-1141\" alt=\"\" srcset=\"https:\/\/fliesen-opel-ocholt.de\/wp-content\/uploads\/2025\/07\/fliesen-opel-ocholt-moderne-dusche.jpg 367w, https:\/\/fliesen-opel-ocholt.de\/wp-content\/uploads\/2025\/07\/fliesen-opel-ocholt-moderne-dusche-184x300.jpg 184w\" sizes=\"(max-width: 367px) 100vw, 367px\" \/>\t\t\t\t\t\t\t\t\t\t\t\t\t\t\t<\/div>\n\t\t\t\t<\/div>\n\t\t\t\t<\/div>\n\t\t<div class=\"elementor-element elementor-element-adb0477 e-con-full e-flex e-con e-child\" data-id=\"adb0477\" data-element_type=\"container\">\n\t\t\t\t<div class=\"elementor-element elementor-element-66c0ba8 elementor-widget elementor-widget-heading\" data-id=\"66c0ba8\" data-element_type=\"widget\" data-widget_type=\"heading.default\">\n\t\t\t\t<div class=\"elementor-widget-container\">\n\t\t\t\t\t<h2 class=\"elementor-heading-title elementor-size-default\">Modernes Bad<\/h2>\t\t\t\t<\/div>\n\t\t\t\t<\/div>\n\t\t\t\t<div class=\"elementor-element elementor-element-f0b79cb elementor-widget__width-initial elementor-widget elementor-widget-text-editor\" data-id=\"f0b79cb\" data-element_type=\"widget\" data-widget_type=\"text-editor.default\">\n\t\t\t\t<div class=\"elementor-widget-container\">\n\t\t\t\t\t\t\t\t\t<p>Ein modernes Bad vereint Komfort, \u00c4sthetik und Funktionalit\u00e4t.<\/p>\t\t\t\t\t\t\t\t<\/div>\n\t\t\t\t<\/div>\n\t\t\t\t<div class=\"elementor-element elementor-element-483a817 elementor-widget elementor-widget-text-editor\" data-id=\"483a817\" data-element_type=\"widget\" data-widget_type=\"text-editor.default\">\n\t\t\t\t<div class=\"elementor-widget-container\">\n\t\t\t\t\t\t\t\t\t<p>Im Rahmen unserer professionellen <strong>Badsanierung<\/strong> gestalten wir Ihren Raum ganz nach Ihren Vorstellungen \u2013 modern, hochwertig und auf Wunsch auch <strong>barrierefrei<\/strong>.<\/p><p>F\u00fcr ein besonders elegantes und pflegeleichtes Ergebnis setzen wir auf <strong data-start=\"497\" data-end=\"522\">gro\u00dfformatige Fliesen<\/strong>, die mit minimalen Fugenfl\u00e4chen f\u00fcr ein ruhiges Gesamtbild sorgen. Alternativ bieten wir auch <strong>L\u00f6sungen mit Epoxidharz als Fugen<\/strong>, die nicht nur modern wirken, sondern auch besonders hygienisch und leicht zu reinigen sind.<\/p><p>Ob Teilmodernisierung oder Komplettumbau \u2013 wir entwickeln gemeinsam mit Ihnen ein individuelles Konzept f\u00fcr Ihr neues Traumbad.<\/p>\t\t\t\t\t\t\t\t<\/div>\n\t\t\t\t<\/div>\n\t\t\t\t<div class=\"elementor-element elementor-element-9f97720 elementor-invisible elementor-widget elementor-widget-image\" data-id=\"9f97720\" data-element_type=\"widget\" data-settings=\"{&quot;_animation&quot;:&quot;slideInLeft&quot;}\" data-widget_type=\"image.default\">\n\t\t\t\t<div class=\"elementor-widget-container\">\n\t\t\t\t\t\t\t\t\t\t\t\t\t\t\t<img loading=\"lazy\" decoding=\"async\" width=\"600\" height=\"800\" src=\"https:\/\/fliesen-opel-ocholt.de\/wp-content\/uploads\/2025\/09\/fliesen-opel-bad-3-1.jpg\" class=\"attachment-large size-large wp-image-1299\" alt=\"\" srcset=\"https:\/\/fliesen-opel-ocholt.de\/wp-content\/uploads\/2025\/09\/fliesen-opel-bad-3-1.jpg 600w, https:\/\/fliesen-opel-ocholt.de\/wp-content\/uploads\/2025\/09\/fliesen-opel-bad-3-1-225x300.jpg 225w\" sizes=\"(max-width: 600px) 100vw, 600px\" \/>\t\t\t\t\t\t\t\t\t\t\t\t\t\t\t<\/div>\n\t\t\t\t<\/div>\n\t\t\t\t<\/div>\n\t\t\t\t\t<\/div>\n\t\t\t\t<\/div>\n\t\t\t\t<\/div>\n\t\t<div class=\"elementor-element elementor-element-ad173b9 e-con-full e-flex e-con e-parent\" data-id=\"ad173b9\" data-element_type=\"container\" data-settings=\"{&quot;background_background&quot;:&quot;classic&quot;}\">\n\t\t\t\t<div class=\"elementor-element elementor-element-494e873 elementor-cta--layout-image-above elementor-cta--skin-classic elementor-animated-content elementor-bg-transform elementor-bg-transform-zoom-in elementor-widget elementor-widget-call-to-action\" data-id=\"494e873\" data-element_type=\"widget\" data-widget_type=\"call-to-action.default\">\n\t\t\t\t<div class=\"elementor-widget-container\">\n\t\t\t\t\t\t\t<div class=\"elementor-cta\">\n\t\t\t\t\t<div class=\"elementor-cta__bg-wrapper\">\n\t\t\t\t<div class=\"elementor-cta__bg elementor-bg\" style=\"background-image: url(https:\/\/fliesen-opel-ocholt.de\/wp-content\/uploads\/2025\/09\/fliesen-opel-fliesenarbeiten-1024x393.jpg);\" role=\"img\" aria-label=\"Kontaktieren Sie Fliesen Opel f\u00fcr hochwertige Fliesenarbeiten\"><\/div>\n\t\t\t\t<div class=\"elementor-cta__bg-overlay\"><\/div>\n\t\t\t<\/div>\n\t\t\t\t\t\t\t<div class=\"elementor-cta__content\">\n\t\t\t\t\n\t\t\t\t\t\t\t\t\t<h2 class=\"elementor-cta__title elementor-cta__content-item elementor-content-item\">\n\t\t\t\t\t\tSie m\u00f6chten ein Angebot?\t\t\t\t\t<\/h2>\n\t\t\t\t\n\t\t\t\t\t\t\t\t\t<div class=\"elementor-cta__description elementor-cta__content-item elementor-content-item\">\n\t\t\t\t\t\tDann kontaktieren Sie uns doch einfach !\t\t\t\t\t<\/div>\n\t\t\t\t\n\t\t\t\t\t\t\t\t\t<div class=\"elementor-cta__button-wrapper elementor-cta__content-item elementor-content-item \">\n\t\t\t\t\t<a class=\"elementor-cta__button elementor-button elementor-size-\" href=\"\/kontakt\">\n\t\t\t\t\t\tJetzt Anfrage stellen\t\t\t\t\t<\/a>\n\t\t\t\t\t<\/div>\n\t\t\t\t\t\t\t<\/div>\n\t\t\t\t\t\t<\/div>\n\t\t\t\t\t\t<\/div>\n\t\t\t\t<\/div>\n\t\t\t\t<\/div>\n\t\t\t\t<\/div>\n\t\t","protected":false},"excerpt":{"rendered":"<p>Fliesenarbeiten Fliesenlegerarbeiten f\u00fcr Privat und Gewerbe Von der individuellen Planung bis zur pr\u00e4zisen Umsetzung bieten wir meisterhafte Fliesenleger Qualit\u00e4t und umfassenden Service rund um Fliesen, Platten und Mosaik aus einer Hand. Fliesenarbeiten Fliesenlegerarbeiten f\u00fcr Privat und Gewerbe Von der individuellen Planung bis zur pr\u00e4zisen Umsetzung bieten wir meisterhafte Fliesenleger Qualit\u00e4t und umfassenden Service rund um [&hellip;]<\/p>\n","protected":false},"author":2,"featured_media":0,"parent":19,"menu_order":0,"comment_status":"closed","ping_status":"closed","template":"","meta":{"footnotes":""},"class_list":["post-23","page","type-page","status-publish","hentry"],"_links":{"self":[{"href":"https:\/\/fliesen-opel-ocholt.de\/index.php\/wp-json\/wp\/v2\/pages\/23","targetHints":{"allow":["GET"]}}],"collection":[{"href":"https:\/\/fliesen-opel-ocholt.de\/index.php\/wp-json\/wp\/v2\/pages"}],"about":[{"href":"https:\/\/fliesen-opel-ocholt.de\/index.php\/wp-json\/wp\/v2\/types\/page"}],"author":[{"embeddable":true,"href":"https:\/\/fliesen-opel-ocholt.de\/index.php\/wp-json\/wp\/v2\/users\/2"}],"replies":[{"embeddable":true,"href":"https:\/\/fliesen-opel-ocholt.de\/index.php\/wp-json\/wp\/v2\/comments?post=23"}],"version-history":[{"count":287,"href":"https:\/\/fliesen-opel-ocholt.de\/index.php\/wp-json\/wp\/v2\/pages\/23\/revisions"}],"predecessor-version":[{"id":1925,"href":"https:\/\/fliesen-opel-ocholt.de\/index.php\/wp-json\/wp\/v2\/pages\/23\/revisions\/1925"}],"up":[{"embeddable":true,"href":"https:\/\/fliesen-opel-ocholt.de\/index.php\/wp-json\/wp\/v2\/pages\/19"}],"wp:attachment":[{"href":"https:\/\/fliesen-opel-ocholt.de\/index.php\/wp-json\/wp\/v2\/media?parent=23"}],"curies":[{"name":"wp","href":"https:\/\/api.w.org\/{rel}","templated":true}]}}