{"id":26,"date":"2024-09-11T15:59:50","date_gmt":"2024-09-11T13:59:50","guid":{"rendered":"https:\/\/fliesen-opel-ocholt.de\/?page_id=26"},"modified":"2025-09-19T13:16:46","modified_gmt":"2025-09-19T11:16:46","slug":"fliesenhandel","status":"publish","type":"page","link":"https:\/\/fliesen-opel-ocholt.de\/fliesenhandel","title":{"rendered":"Fliesenhandel"},"content":{"rendered":"\t\t<div data-elementor-type=\"wp-page\" data-elementor-id=\"26\" class=\"elementor elementor-26\" data-elementor-post-type=\"page\">\n\t\t\t\t<div class=\"elementor-element elementor-element-55e7be2e e-con-full elementor-hidden-mobile e-flex e-con e-parent\" data-id=\"55e7be2e\" data-element_type=\"container\" data-settings=\"{&quot;background_background&quot;:&quot;slideshow&quot;,&quot;background_slideshow_gallery&quot;:[{&quot;id&quot;:1225,&quot;url&quot;:&quot;https:\\\/\\\/fliesen-opel-ocholt.de\\\/wp-content\\\/uploads\\\/2025\\\/09\\\/fliesen-opel-fliesenausstellung-header.jpg&quot;}],&quot;background_slideshow_loop&quot;:&quot;yes&quot;,&quot;background_slideshow_slide_duration&quot;:5000,&quot;background_slideshow_slide_transition&quot;:&quot;fade&quot;,&quot;background_slideshow_transition_duration&quot;:500}\">\n\t\t<div class=\"elementor-element elementor-element-15c85fda e-flex e-con-boxed e-con e-child\" data-id=\"15c85fda\" data-element_type=\"container\" data-settings=\"{&quot;background_background&quot;:&quot;classic&quot;}\">\n\t\t\t\t\t<div class=\"e-con-inner\">\n\t\t\t\t<div class=\"elementor-element elementor-element-5d2fb480 elementor-widget__width-initial elementor-widget elementor-widget-heading\" data-id=\"5d2fb480\" data-element_type=\"widget\" data-widget_type=\"heading.default\">\n\t\t\t\t<div class=\"elementor-widget-container\">\n\t\t\t\t\t<h1 class=\"elementor-heading-title elementor-size-default\">Fliesenhandel<\/h1>\t\t\t\t<\/div>\n\t\t\t\t<\/div>\n\t\t\t\t<div class=\"elementor-element elementor-element-4a083740 elementor-widget__width-initial elementor-widget elementor-widget-heading\" data-id=\"4a083740\" data-element_type=\"widget\" data-widget_type=\"heading.default\">\n\t\t\t\t<div class=\"elementor-widget-container\">\n\t\t\t\t\t<h2 class=\"elementor-heading-title elementor-size-default\">Ihre erste Wahl f\u00fcr hochwertige Fliesen und individuelle Beratung<\/h2>\t\t\t\t<\/div>\n\t\t\t\t<\/div>\n\t\t\t\t<div class=\"elementor-element elementor-element-7f8616f elementor-widget__width-initial elementor-widget elementor-widget-text-editor\" data-id=\"7f8616f\" data-element_type=\"widget\" data-widget_type=\"text-editor.default\">\n\t\t\t\t<div class=\"elementor-widget-container\">\n\t\t\t\t\t\t\t\t\t<p>Verleihen Sie Ihren R\u00e4umen Charakter \u2013 mit modernen und zeitlosen Fliesen!<\/p>\t\t\t\t\t\t\t\t<\/div>\n\t\t\t\t<\/div>\n\t\t\t\t\t<\/div>\n\t\t\t\t<\/div>\n\t\t\t\t<\/div>\n\t\t<div class=\"elementor-element elementor-element-b98884d e-con-full elementor-hidden-desktop elementor-hidden-tablet e-flex e-con e-parent\" data-id=\"b98884d\" data-element_type=\"container\">\n\t\t\t\t<div class=\"elementor-element elementor-element-c6dbdae elementor-widget elementor-widget-image\" data-id=\"c6dbdae\" data-element_type=\"widget\" data-widget_type=\"image.default\">\n\t\t\t\t<div class=\"elementor-widget-container\">\n\t\t\t\t\t\t\t\t\t\t\t\t\t\t\t<img fetchpriority=\"high\" decoding=\"async\" width=\"800\" height=\"334\" src=\"https:\/\/fliesen-opel-ocholt.de\/wp-content\/uploads\/2025\/09\/fliesen-opel-fliesenausstellung-header-1024x427.jpg\" class=\"attachment-large size-large wp-image-1225\" alt=\"Gro\u00dfe Fliesenausstellung bei Fliesen-Opel in Ocholt\" srcset=\"https:\/\/fliesen-opel-ocholt.de\/wp-content\/uploads\/2025\/09\/fliesen-opel-fliesenausstellung-header-1024x427.jpg 1024w, https:\/\/fliesen-opel-ocholt.de\/wp-content\/uploads\/2025\/09\/fliesen-opel-fliesenausstellung-header-300x125.jpg 300w, https:\/\/fliesen-opel-ocholt.de\/wp-content\/uploads\/2025\/09\/fliesen-opel-fliesenausstellung-header-768x320.jpg 768w, https:\/\/fliesen-opel-ocholt.de\/wp-content\/uploads\/2025\/09\/fliesen-opel-fliesenausstellung-header.jpg 1440w\" sizes=\"(max-width: 800px) 100vw, 800px\" \/>\t\t\t\t\t\t\t\t\t\t\t\t\t\t\t<\/div>\n\t\t\t\t<\/div>\n\t\t<div class=\"elementor-element elementor-element-4670d40 e-flex e-con-boxed e-con e-child\" data-id=\"4670d40\" data-element_type=\"container\" data-settings=\"{&quot;background_background&quot;:&quot;classic&quot;}\">\n\t\t\t\t\t<div class=\"e-con-inner\">\n\t\t\t\t<div class=\"elementor-element elementor-element-ff977f2 elementor-widget__width-initial elementor-widget elementor-widget-heading\" data-id=\"ff977f2\" data-element_type=\"widget\" data-widget_type=\"heading.default\">\n\t\t\t\t<div class=\"elementor-widget-container\">\n\t\t\t\t\t<h1 class=\"elementor-heading-title elementor-size-default\">Fliesenhandel<\/h1>\t\t\t\t<\/div>\n\t\t\t\t<\/div>\n\t\t\t\t<div class=\"elementor-element elementor-element-b87df3f elementor-widget__width-initial elementor-widget elementor-widget-heading\" data-id=\"b87df3f\" data-element_type=\"widget\" data-widget_type=\"heading.default\">\n\t\t\t\t<div class=\"elementor-widget-container\">\n\t\t\t\t\t<h2 class=\"elementor-heading-title elementor-size-default\">Ihre erste Wahl f\u00fcr hochwertige Fliesen und individuelle Beratung<\/h2>\t\t\t\t<\/div>\n\t\t\t\t<\/div>\n\t\t\t\t<div class=\"elementor-element elementor-element-cb4ac2e elementor-widget__width-initial elementor-widget elementor-widget-text-editor\" data-id=\"cb4ac2e\" data-element_type=\"widget\" data-widget_type=\"text-editor.default\">\n\t\t\t\t<div class=\"elementor-widget-container\">\n\t\t\t\t\t\t\t\t\t<p>Verleihen Sie Ihren R\u00e4umen Charakter \u2013 mit modernen und zeitlosen Fliesen!<\/p>\t\t\t\t\t\t\t\t<\/div>\n\t\t\t\t<\/div>\n\t\t\t\t\t<\/div>\n\t\t\t\t<\/div>\n\t\t\t\t<\/div>\n\t\t<div class=\"elementor-element elementor-element-0e5edae e-con-full e-flex e-con e-parent\" data-id=\"0e5edae\" data-element_type=\"container\">\n\t\t<div class=\"elementor-element elementor-element-26acf36 e-flex e-con-boxed e-con e-child\" data-id=\"26acf36\" data-element_type=\"container\">\n\t\t\t\t\t<div class=\"e-con-inner\">\n\t\t<div class=\"elementor-element elementor-element-e48d960 e-con-full e-flex e-con e-child\" data-id=\"e48d960\" data-element_type=\"container\">\n\t\t\t\t<div class=\"elementor-element elementor-element-d332e48 elementor-widget elementor-widget-heading\" data-id=\"d332e48\" data-element_type=\"widget\" data-widget_type=\"heading.default\">\n\t\t\t\t<div class=\"elementor-widget-container\">\n\t\t\t\t\t<h2 class=\"elementor-heading-title elementor-size-default\">Entdecken Sie die Welt der Fliesen bei Fliesen Opel in Ocholt!<\/h2>\t\t\t\t<\/div>\n\t\t\t\t<\/div>\n\t\t\t\t<div class=\"elementor-element elementor-element-f19d678 elementor-widget__width-initial elementor-widget elementor-widget-text-editor\" data-id=\"f19d678\" data-element_type=\"widget\" data-widget_type=\"text-editor.default\">\n\t\t\t\t<div class=\"elementor-widget-container\">\n\t\t\t\t\t\t\t\t\t<p>Ob klassisch, modern, extravagant oder zeitlos \u2013 bei uns finden Sie hochwertige Fliesen f\u00fcr Ihre R\u00e4ume.<\/p>\t\t\t\t\t\t\t\t<\/div>\n\t\t\t\t<\/div>\n\t\t\t\t<div class=\"elementor-element elementor-element-6234420 elementor-widget elementor-widget-text-editor\" data-id=\"6234420\" data-element_type=\"widget\" data-widget_type=\"text-editor.default\">\n\t\t\t\t<div class=\"elementor-widget-container\">\n\t\t\t\t\t\t\t\t\t<p>Lassen Sie sich von unseren au\u00dfergew\u00f6hnlichen Designs inspirieren und gestalten Sie Ihre Wohn- oder Arbeitsr\u00e4ume ganz nach Ihren Vorstellungen.<\/p>\t\t\t\t\t\t\t\t<\/div>\n\t\t\t\t<\/div>\n\t\t\t\t<\/div>\n\t\t<div class=\"elementor-element elementor-element-e24e5c5 e-con-full e-flex e-con e-child\" data-id=\"e24e5c5\" data-element_type=\"container\">\n\t\t\t\t<div class=\"elementor-element elementor-element-b7eed47 e-transform elementor-invisible elementor-widget elementor-widget-image\" data-id=\"b7eed47\" data-element_type=\"widget\" data-settings=\"{&quot;_transform_translateX_effect&quot;:{&quot;unit&quot;:&quot;rem&quot;,&quot;size&quot;:3,&quot;sizes&quot;:[]},&quot;_transform_translateX_effect_tablet&quot;:{&quot;unit&quot;:&quot;rem&quot;,&quot;size&quot;:&quot;&quot;,&quot;sizes&quot;:[]},&quot;_transform_translateX_effect_mobile&quot;:{&quot;unit&quot;:&quot;rem&quot;,&quot;size&quot;:1,&quot;sizes&quot;:[]},&quot;_transform_translateY_effect&quot;:{&quot;unit&quot;:&quot;rem&quot;,&quot;size&quot;:5,&quot;sizes&quot;:[]},&quot;_transform_translateY_effect_tablet&quot;:{&quot;unit&quot;:&quot;rem&quot;,&quot;size&quot;:&quot;&quot;,&quot;sizes&quot;:[]},&quot;_transform_translateY_effect_mobile&quot;:{&quot;unit&quot;:&quot;rem&quot;,&quot;size&quot;:1,&quot;sizes&quot;:[]},&quot;_animation&quot;:&quot;slideInRight&quot;}\" data-widget_type=\"image.default\">\n\t\t\t\t<div class=\"elementor-widget-container\">\n\t\t\t\t\t\t\t\t\t\t\t\t\t\t\t<img decoding=\"async\" src=\"https:\/\/fliesen-opel-ocholt.de\/wp-content\/uploads\/elementor\/thumbs\/fliesen-opel-fliesenausstellung-praesentation-rbmyxof26tybr2uq7zyo8bs66hd7018dwp4o27glj4.jpg\" title=\"Fliesenausstellung &#8211; Fliesen opel\" alt=\"Wand und Bodenfliesen im Fliesenhandel von Fliesen opel in Ocholt\" loading=\"lazy\" \/>\t\t\t\t\t\t\t\t\t\t\t\t\t\t\t<\/div>\n\t\t\t\t<\/div>\n\t\t\t\t<\/div>\n\t\t\t\t\t<\/div>\n\t\t\t\t<\/div>\n\t\t\t\t<\/div>\n\t\t<div class=\"elementor-element elementor-element-32c7bef e-con-full e-flex e-con e-parent\" data-id=\"32c7bef\" data-element_type=\"container\">\n\t\t<div class=\"elementor-element elementor-element-d96ae25 e-con-full e-flex e-con e-child\" data-id=\"d96ae25\" data-element_type=\"container\" data-settings=\"{&quot;background_background&quot;:&quot;classic&quot;}\">\n\t\t<div class=\"elementor-element elementor-element-9bdec37 e-con-full e-transform e-flex e-con e-child\" data-id=\"9bdec37\" data-element_type=\"container\" data-settings=\"{&quot;_transform_translateY_effect&quot;:{&quot;unit&quot;:&quot;rem&quot;,&quot;size&quot;:-1,&quot;sizes&quot;:[]},&quot;_transform_translateY_effect_tablet&quot;:{&quot;unit&quot;:&quot;rem&quot;,&quot;size&quot;:&quot;&quot;,&quot;sizes&quot;:[]},&quot;_transform_translateY_effect_mobile&quot;:{&quot;unit&quot;:&quot;rem&quot;,&quot;size&quot;:-5,&quot;sizes&quot;:[]},&quot;_transform_translateX_effect_mobile&quot;:{&quot;unit&quot;:&quot;rem&quot;,&quot;size&quot;:&quot;&quot;,&quot;sizes&quot;:[]},&quot;_transform_translateX_effect&quot;:{&quot;unit&quot;:&quot;px&quot;,&quot;size&quot;:&quot;&quot;,&quot;sizes&quot;:[]},&quot;_transform_translateX_effect_tablet&quot;:{&quot;unit&quot;:&quot;px&quot;,&quot;size&quot;:&quot;&quot;,&quot;sizes&quot;:[]}}\">\n\t\t\t\t<div class=\"elementor-element elementor-element-0c7f402 e-transform elementor-invisible elementor-widget elementor-widget-image\" data-id=\"0c7f402\" data-element_type=\"widget\" data-settings=\"{&quot;_transform_translateY_effect&quot;:{&quot;unit&quot;:&quot;rem&quot;,&quot;size&quot;:-6,&quot;sizes&quot;:[]},&quot;_transform_translateY_effect_tablet&quot;:{&quot;unit&quot;:&quot;rem&quot;,&quot;size&quot;:-4,&quot;sizes&quot;:[]},&quot;_transform_translateY_effect_mobile&quot;:{&quot;unit&quot;:&quot;rem&quot;,&quot;size&quot;:3.5,&quot;sizes&quot;:[]},&quot;_transform_translateX_effect_mobile&quot;:{&quot;unit&quot;:&quot;rem&quot;,&quot;size&quot;:-1,&quot;sizes&quot;:[]},&quot;_animation&quot;:&quot;slideInLeft&quot;,&quot;_transform_translateX_effect&quot;:{&quot;unit&quot;:&quot;px&quot;,&quot;size&quot;:&quot;&quot;,&quot;sizes&quot;:[]},&quot;_transform_translateX_effect_tablet&quot;:{&quot;unit&quot;:&quot;px&quot;,&quot;size&quot;:&quot;&quot;,&quot;sizes&quot;:[]}}\" data-widget_type=\"image.default\">\n\t\t\t\t<div class=\"elementor-widget-container\">\n\t\t\t\t\t\t\t\t\t\t\t\t\t\t\t<img decoding=\"async\" width=\"800\" height=\"450\" src=\"https:\/\/fliesen-opel-ocholt.de\/wp-content\/uploads\/2025\/09\/fliesen-opel-fliesenausstellung-auswahl.jpg\" class=\"attachment-large size-large wp-image-1227\" alt=\"Gro\u00dfe Auswahl in der Fliesenausstellung von Fliesen Opel in Ocholt\" srcset=\"https:\/\/fliesen-opel-ocholt.de\/wp-content\/uploads\/2025\/09\/fliesen-opel-fliesenausstellung-auswahl.jpg 800w, https:\/\/fliesen-opel-ocholt.de\/wp-content\/uploads\/2025\/09\/fliesen-opel-fliesenausstellung-auswahl-300x169.jpg 300w, https:\/\/fliesen-opel-ocholt.de\/wp-content\/uploads\/2025\/09\/fliesen-opel-fliesenausstellung-auswahl-768x432.jpg 768w\" sizes=\"(max-width: 800px) 100vw, 800px\" \/>\t\t\t\t\t\t\t\t\t\t\t\t\t\t\t<\/div>\n\t\t\t\t<\/div>\n\t\t\t\t<div class=\"elementor-element elementor-element-97db3e8 elementor-hidden-desktop elementor-hidden-mobile elementor-widget elementor-widget-text-editor\" data-id=\"97db3e8\" data-element_type=\"widget\" data-widget_type=\"text-editor.default\">\n\t\t\t\t<div class=\"elementor-widget-container\">\n\t\t\t\t\t\t\t\t\t<p>Unser Angebot an Fliesenbel\u00e4gen f\u00fcr Wand und Boden im \u00dcberblick:<\/p><ul><li>B\u00e4der &amp; Duschen<\/li><li>K\u00fcchen &amp; Wohnr\u00e4ume<\/li><li>Arbeitsr\u00e4ume<\/li><li>Balkone &amp; Terrassen<\/li><li>Winterg\u00e4rten &amp; Sommerg\u00e4rten<\/li><li>Treppenanlagen<\/li><li>Mosaikb\u00f6den<\/li><li>Gro\u00dfformatfliesen<\/li><\/ul>\t\t\t\t\t\t\t\t<\/div>\n\t\t\t\t<\/div>\n\t\t\t\t<\/div>\n\t\t<div class=\"elementor-element elementor-element-65ee926 e-con-full e-flex e-con e-child\" data-id=\"65ee926\" data-element_type=\"container\">\n\t\t\t\t<div class=\"elementor-element elementor-element-d65dd5d elementor-widget elementor-widget-heading\" data-id=\"d65dd5d\" data-element_type=\"widget\" data-widget_type=\"heading.default\">\n\t\t\t\t<div class=\"elementor-widget-container\">\n\t\t\t\t\t<h2 class=\"elementor-heading-title elementor-size-default\">Beratung<br>\nIdeen<br>\nUmsetzung<\/h2>\t\t\t\t<\/div>\n\t\t\t\t<\/div>\n\t\t\t\t<div class=\"elementor-element elementor-element-9000c68 elementor-widget__width-initial elementor-widget elementor-widget-text-editor\" data-id=\"9000c68\" data-element_type=\"widget\" data-widget_type=\"text-editor.default\">\n\t\t\t\t<div class=\"elementor-widget-container\">\n\t\t\t\t\t\t\t\t\t<p>In unserem Fliesenhandel bieten wir Ihnen eine gro\u00dfe Auswahl an Fliesen, die perfekt auf Ihre Bed\u00fcrfnisse abgestimmt sind.<\/p>\t\t\t\t\t\t\t\t<\/div>\n\t\t\t\t<\/div>\n\t\t\t\t<div class=\"elementor-element elementor-element-a0b5384 elementor-hidden-tablet elementor-widget elementor-widget-text-editor\" data-id=\"a0b5384\" data-element_type=\"widget\" data-widget_type=\"text-editor.default\">\n\t\t\t\t<div class=\"elementor-widget-container\">\n\t\t\t\t\t\t\t\t\t<p>Unser Angebot an Fliesenbel\u00e4gen f\u00fcr Wand und Boden im \u00dcberblick:<\/p><ul><li>B\u00e4der &amp; Duschen<\/li><li>K\u00fcchen &amp; Wohnr\u00e4ume<\/li><li>Arbeitsr\u00e4ume<\/li><li>Balkone &amp; Terrassen<\/li><li>Winterg\u00e4rten &amp; Sommerg\u00e4rten<\/li><li>Treppenanlagen<\/li><li>Mosaikb\u00f6den<\/li><li>Gro\u00dfformatfliesen<\/li><\/ul>\t\t\t\t\t\t\t\t<\/div>\n\t\t\t\t<\/div>\n\t\t\t\t<\/div>\n\t\t\t\t<\/div>\n\t\t\t\t<\/div>\n\t\t<div class=\"elementor-element elementor-element-2b81be9 e-flex e-con-boxed e-con e-parent\" data-id=\"2b81be9\" data-element_type=\"container\">\n\t\t\t\t\t<div class=\"e-con-inner\">\n\t\t<div class=\"elementor-element elementor-element-9e8eaab e-con-full e-transform e-flex e-con e-child\" data-id=\"9e8eaab\" data-element_type=\"container\" data-settings=\"{&quot;_transform_translateY_effect&quot;:{&quot;unit&quot;:&quot;rem&quot;,&quot;size&quot;:-6,&quot;sizes&quot;:[]},&quot;_transform_translateY_effect_tablet&quot;:{&quot;unit&quot;:&quot;rem&quot;,&quot;size&quot;:-15,&quot;sizes&quot;:[]},&quot;_transform_translateY_effect_mobile&quot;:{&quot;unit&quot;:&quot;rem&quot;,&quot;size&quot;:-3,&quot;sizes&quot;:[]},&quot;_transform_translateX_effect&quot;:{&quot;unit&quot;:&quot;px&quot;,&quot;size&quot;:&quot;&quot;,&quot;sizes&quot;:[]},&quot;_transform_translateX_effect_tablet&quot;:{&quot;unit&quot;:&quot;px&quot;,&quot;size&quot;:&quot;&quot;,&quot;sizes&quot;:[]},&quot;_transform_translateX_effect_mobile&quot;:{&quot;unit&quot;:&quot;px&quot;,&quot;size&quot;:&quot;&quot;,&quot;sizes&quot;:[]}}\">\n\t\t\t\t<div class=\"elementor-element elementor-element-923e6fa elementor-widget elementor-widget-image\" data-id=\"923e6fa\" data-element_type=\"widget\" data-widget_type=\"image.default\">\n\t\t\t\t<div class=\"elementor-widget-container\">\n\t\t\t\t\t\t\t\t\t\t\t\t\t\t\t<img decoding=\"async\" width=\"800\" height=\"450\" src=\"https:\/\/fliesen-opel-ocholt.de\/wp-content\/uploads\/2025\/09\/fliesen-opel-fliesenausstellung-detaill.jpg\" class=\"attachment-large size-large wp-image-1231\" alt=\"Fliesenausstellung bei Fliesen-opel ind Ocholt\" srcset=\"https:\/\/fliesen-opel-ocholt.de\/wp-content\/uploads\/2025\/09\/fliesen-opel-fliesenausstellung-detaill.jpg 800w, https:\/\/fliesen-opel-ocholt.de\/wp-content\/uploads\/2025\/09\/fliesen-opel-fliesenausstellung-detaill-300x169.jpg 300w, https:\/\/fliesen-opel-ocholt.de\/wp-content\/uploads\/2025\/09\/fliesen-opel-fliesenausstellung-detaill-768x432.jpg 768w\" sizes=\"(max-width: 800px) 100vw, 800px\" \/>\t\t\t\t\t\t\t\t\t\t\t\t\t\t\t<\/div>\n\t\t\t\t<\/div>\n\t\t\t\t<\/div>\n\t\t<div class=\"elementor-element elementor-element-65543ed e-con-full e-flex e-con e-child\" data-id=\"65543ed\" data-element_type=\"container\">\n\t\t\t\t<div class=\"elementor-element elementor-element-4d1686c elementor-widget__width-initial elementor-widget elementor-widget-text-editor\" data-id=\"4d1686c\" data-element_type=\"widget\" data-widget_type=\"text-editor.default\">\n\t\t\t\t<div class=\"elementor-widget-container\">\n\t\t\t\t\t\t\t\t\t<p>Von Materialwahl \u00fcber Farbabstimmung bis hin zu Muster und Kontrasten \u2013 wir beraten Sie umfassend und pers\u00f6nlich. Unser Expertenteam unterst\u00fctzt Sie dabei, die passende Gestaltung zu finden, die Ihre R\u00e4ume optimal zur Geltung bringt.<\/p><p>Bevor wir mit der professionellen Umsetzung starten, erhalten Sie von uns konkrete Vorschl\u00e4ge, die genau auf Ihr Projekt abgestimmt sind \u2013 egal ob Renovierung, Neubau oder Modernisierung.<\/p><p>Bei uns bekommen Sie nicht nur hochwertige Fliesen, sondern auch ma\u00dfgeschneiderte L\u00f6sungen f\u00fcr Ihr Vorhaben. Entdecken Sie die Vielfalt und Qualit\u00e4t unserer Arbeiten \u2013 und sichern Sie sich Ihre pers\u00f6nliche Beratung f\u00fcr ein perfektes Ergebnis!<\/p>\t\t\t\t\t\t\t\t<\/div>\n\t\t\t\t<\/div>\n\t\t\t\t<\/div>\n\t\t\t\t\t<\/div>\n\t\t\t\t<\/div>\n\t\t<div class=\"elementor-element elementor-element-6e8b8889 e-con-full e-flex e-con e-parent\" data-id=\"6e8b8889\" data-element_type=\"container\" data-settings=\"{&quot;background_background&quot;:&quot;classic&quot;}\">\n\t\t\t\t<div class=\"elementor-element elementor-element-4a9d2485 elementor-cta--layout-image-below elementor-cta--skin-classic elementor-animated-content elementor-bg-transform elementor-bg-transform-zoom-in elementor-widget elementor-widget-call-to-action\" data-id=\"4a9d2485\" data-element_type=\"widget\" data-widget_type=\"call-to-action.default\">\n\t\t\t\t<div class=\"elementor-widget-container\">\n\t\t\t\t\t\t\t<div class=\"elementor-cta\">\n\t\t\t\t\t<div class=\"elementor-cta__bg-wrapper\">\n\t\t\t\t<div class=\"elementor-cta__bg elementor-bg\" style=\"background-image: url(https:\/\/fliesen-opel-ocholt.de\/wp-content\/uploads\/2025\/09\/fliesen-opel-fliesenausstellung-faecher-1024x604.jpg);\" role=\"img\" aria-label=\"Eine Auswahl von Fliesen in der Fliesenausstellung von Fliesen Opel in Ocholt\"><\/div>\n\t\t\t\t<div class=\"elementor-cta__bg-overlay\"><\/div>\n\t\t\t<\/div>\n\t\t\t\t\t\t\t<div class=\"elementor-cta__content\">\n\t\t\t\t\n\t\t\t\t\t\t\t\t\t<h2 class=\"elementor-cta__title elementor-cta__content-item elementor-content-item\">\n\t\t\t\t\t\tSie m\u00f6chten sich neue Fliesen aussuchen ?\t\t\t\t\t<\/h2>\n\t\t\t\t\n\t\t\t\t\t\t\t\t\t<div class=\"elementor-cta__description elementor-cta__content-item elementor-content-item\">\n\t\t\t\t\t\tDann kommen Sie uns besuchen !\t\t\t\t\t<\/div>\n\t\t\t\t\n\t\t\t\t\t\t\t\t\t<div class=\"elementor-cta__button-wrapper elementor-cta__content-item elementor-content-item \">\n\t\t\t\t\t<a class=\"elementor-cta__button elementor-button elementor-size-\" href=\"\/kontakt\">\n\t\t\t\t\t\tJetzt Termin machen\t\t\t\t\t<\/a>\n\t\t\t\t\t<\/div>\n\t\t\t\t\t\t\t<\/div>\n\t\t\t\t\t\t<\/div>\n\t\t\t\t\t\t<\/div>\n\t\t\t\t<\/div>\n\t\t\t\t<\/div>\n\t\t\t\t<\/div>\n\t\t","protected":false},"excerpt":{"rendered":"<p>Fliesenhandel Ihre erste Wahl f\u00fcr hochwertige Fliesen und individuelle Beratung Verleihen Sie Ihren R\u00e4umen Charakter \u2013 mit modernen und zeitlosen Fliesen! Fliesenhandel Ihre erste Wahl f\u00fcr hochwertige Fliesen und individuelle Beratung Verleihen Sie Ihren R\u00e4umen Charakter \u2013 mit modernen und zeitlosen Fliesen! Entdecken Sie die Welt der Fliesen bei Fliesen Opel in Ocholt! Ob klassisch, [&hellip;]<\/p>\n","protected":false},"author":2,"featured_media":0,"parent":19,"menu_order":0,"comment_status":"closed","ping_status":"closed","template":"","meta":{"footnotes":""},"class_list":["post-26","page","type-page","status-publish","hentry"],"_links":{"self":[{"href":"https:\/\/fliesen-opel-ocholt.de\/index.php\/wp-json\/wp\/v2\/pages\/26","targetHints":{"allow":["GET"]}}],"collection":[{"href":"https:\/\/fliesen-opel-ocholt.de\/index.php\/wp-json\/wp\/v2\/pages"}],"about":[{"href":"https:\/\/fliesen-opel-ocholt.de\/index.php\/wp-json\/wp\/v2\/types\/page"}],"author":[{"embeddable":true,"href":"https:\/\/fliesen-opel-ocholt.de\/index.php\/wp-json\/wp\/v2\/users\/2"}],"replies":[{"embeddable":true,"href":"https:\/\/fliesen-opel-ocholt.de\/index.php\/wp-json\/wp\/v2\/comments?post=26"}],"version-history":[{"count":139,"href":"https:\/\/fliesen-opel-ocholt.de\/index.php\/wp-json\/wp\/v2\/pages\/26\/revisions"}],"predecessor-version":[{"id":1928,"href":"https:\/\/fliesen-opel-ocholt.de\/index.php\/wp-json\/wp\/v2\/pages\/26\/revisions\/1928"}],"up":[{"embeddable":true,"href":"https:\/\/fliesen-opel-ocholt.de\/index.php\/wp-json\/wp\/v2\/pages\/19"}],"wp:attachment":[{"href":"https:\/\/fliesen-opel-ocholt.de\/index.php\/wp-json\/wp\/v2\/media?parent=26"}],"curies":[{"name":"wp","href":"https:\/\/api.w.org\/{rel}","templated":true}]}}