{"id":28,"date":"2024-09-11T16:00:23","date_gmt":"2024-09-11T14:00:23","guid":{"rendered":"https:\/\/fliesen-opel-ocholt.de\/?page_id=28"},"modified":"2025-09-19T10:19:00","modified_gmt":"2025-09-19T08:19:00","slug":"service-2","status":"publish","type":"page","link":"https:\/\/fliesen-opel-ocholt.de\/service\/","title":{"rendered":"Service"},"content":{"rendered":"\t\t<div data-elementor-type=\"wp-page\" data-elementor-id=\"28\" class=\"elementor elementor-28\" data-elementor-post-type=\"page\">\n\t\t\t\t<div class=\"elementor-element elementor-element-57c291d4 e-con-full elementor-hidden-mobile e-flex e-con e-parent\" data-id=\"57c291d4\" data-element_type=\"container\" data-settings=\"{&quot;background_background&quot;:&quot;slideshow&quot;,&quot;background_slideshow_gallery&quot;:[{&quot;id&quot;:1197,&quot;url&quot;:&quot;https:\\\/\\\/fliesen-opel-ocholt.de\\\/wp-content\\\/uploads\\\/2025\\\/09\\\/fliesen-opel-service-header-1.jpg&quot;}],&quot;background_slideshow_loop&quot;:&quot;yes&quot;,&quot;background_slideshow_slide_duration&quot;:5000,&quot;background_slideshow_slide_transition&quot;:&quot;fade&quot;,&quot;background_slideshow_transition_duration&quot;:500}\">\n\t\t<div class=\"elementor-element elementor-element-4c6f496f e-flex e-con-boxed e-con e-child\" data-id=\"4c6f496f\" data-element_type=\"container\" data-settings=\"{&quot;background_background&quot;:&quot;classic&quot;}\">\n\t\t\t\t\t<div class=\"e-con-inner\">\n\t\t\t\t<div class=\"elementor-element elementor-element-2b25d00a elementor-widget__width-initial elementor-widget elementor-widget-heading\" data-id=\"2b25d00a\" data-element_type=\"widget\" data-widget_type=\"heading.default\">\n\t\t\t\t<div class=\"elementor-widget-container\">\n\t\t\t\t\t<h1 class=\"elementor-heading-title elementor-size-default\">Service<\/h1>\t\t\t\t<\/div>\n\t\t\t\t<\/div>\n\t\t\t\t<div class=\"elementor-element elementor-element-7a7937a1 elementor-widget__width-initial elementor-widget elementor-widget-heading\" data-id=\"7a7937a1\" data-element_type=\"widget\" data-widget_type=\"heading.default\">\n\t\t\t\t<div class=\"elementor-widget-container\">\n\t\t\t\t\t<h2 class=\"elementor-heading-title elementor-size-default\">Wir \u00fcberzeugen durch pers\u00f6nliche Beratung, zuverl\u00e4ssige Abwicklung und ma\u00dfgeschneiderte L\u00f6sungen.<\/h2>\t\t\t\t<\/div>\n\t\t\t\t<\/div>\n\t\t\t\t<div class=\"elementor-element elementor-element-c7b695d elementor-widget__width-initial elementor-widget elementor-widget-text-editor\" data-id=\"c7b695d\" data-element_type=\"widget\" data-widget_type=\"text-editor.default\">\n\t\t\t\t<div class=\"elementor-widget-container\">\n\t\t\t\t\t\t\t\t\t<p>Neben den klassischen Fliesenarbeiten bieten wir auch weitere fachgerechte Ausf\u00fchrungen von Arbeiten an. So bekommen Sie alles mit weniger Aufwand f\u00fcr Sie aus einer Hand.<\/p>\t\t\t\t\t\t\t\t<\/div>\n\t\t\t\t<\/div>\n\t\t\t\t\t<\/div>\n\t\t\t\t<\/div>\n\t\t\t\t<\/div>\n\t\t<div class=\"elementor-element elementor-element-c396d47 e-con-full elementor-hidden-desktop elementor-hidden-tablet e-flex e-con e-parent\" data-id=\"c396d47\" data-element_type=\"container\">\n\t\t\t\t<div class=\"elementor-element elementor-element-b72ea22 elementor-widget elementor-widget-image\" data-id=\"b72ea22\" data-element_type=\"widget\" data-widget_type=\"image.default\">\n\t\t\t\t<div class=\"elementor-widget-container\">\n\t\t\t\t\t\t\t\t\t\t\t\t\t\t\t<img fetchpriority=\"high\" decoding=\"async\" width=\"800\" height=\"334\" src=\"https:\/\/fliesen-opel-ocholt.de\/wp-content\/uploads\/2025\/09\/fliesen-opel-service-header-1-1024x427.jpg\" class=\"attachment-large size-large wp-image-1197\" alt=\"Service bei Fliesen Opel\" srcset=\"https:\/\/fliesen-opel-ocholt.de\/wp-content\/uploads\/2025\/09\/fliesen-opel-service-header-1-1024x427.jpg 1024w, https:\/\/fliesen-opel-ocholt.de\/wp-content\/uploads\/2025\/09\/fliesen-opel-service-header-1-300x125.jpg 300w, https:\/\/fliesen-opel-ocholt.de\/wp-content\/uploads\/2025\/09\/fliesen-opel-service-header-1-768x320.jpg 768w, https:\/\/fliesen-opel-ocholt.de\/wp-content\/uploads\/2025\/09\/fliesen-opel-service-header-1.jpg 1440w\" sizes=\"(max-width: 800px) 100vw, 800px\" \/>\t\t\t\t\t\t\t\t\t\t\t\t\t\t\t<\/div>\n\t\t\t\t<\/div>\n\t\t<div class=\"elementor-element elementor-element-d5ff481 e-flex e-con-boxed e-con e-child\" data-id=\"d5ff481\" data-element_type=\"container\" data-settings=\"{&quot;background_background&quot;:&quot;classic&quot;}\">\n\t\t\t\t\t<div class=\"e-con-inner\">\n\t\t\t\t<div class=\"elementor-element elementor-element-db2e622 elementor-widget__width-initial elementor-widget elementor-widget-heading\" data-id=\"db2e622\" data-element_type=\"widget\" data-widget_type=\"heading.default\">\n\t\t\t\t<div class=\"elementor-widget-container\">\n\t\t\t\t\t<h1 class=\"elementor-heading-title elementor-size-default\">Service<\/h1>\t\t\t\t<\/div>\n\t\t\t\t<\/div>\n\t\t\t\t<div class=\"elementor-element elementor-element-12569e0 elementor-widget__width-initial elementor-widget elementor-widget-heading\" data-id=\"12569e0\" data-element_type=\"widget\" data-widget_type=\"heading.default\">\n\t\t\t\t<div class=\"elementor-widget-container\">\n\t\t\t\t\t<h2 class=\"elementor-heading-title elementor-size-default\">Wir \u00fcberzeugen durch pers\u00f6nliche Beratung, zuverl\u00e4ssige Abwicklung und ma\u00dfgeschneiderte L\u00f6sungen.<\/h2>\t\t\t\t<\/div>\n\t\t\t\t<\/div>\n\t\t\t\t<div class=\"elementor-element elementor-element-49b375b elementor-widget__width-initial elementor-widget elementor-widget-text-editor\" data-id=\"49b375b\" data-element_type=\"widget\" data-widget_type=\"text-editor.default\">\n\t\t\t\t<div class=\"elementor-widget-container\">\n\t\t\t\t\t\t\t\t\t<p>Neben den klassischen Fliesenarbeiten bieten wir auch weitere fachgerechte Ausf\u00fchrungen von Arbeiten an. So bekommen Sie alles mit weniger Aufwand f\u00fcr Sie aus einer Hand.<\/p>\t\t\t\t\t\t\t\t<\/div>\n\t\t\t\t<\/div>\n\t\t\t\t\t<\/div>\n\t\t\t\t<\/div>\n\t\t\t\t<\/div>\n\t\t<div class=\"elementor-element elementor-element-c91239d e-con-full e-flex e-con e-parent\" data-id=\"c91239d\" data-element_type=\"container\" id=\"staubfrei\">\n\t\t<div class=\"elementor-element elementor-element-c0deb75 e-flex e-con-boxed e-con e-child\" data-id=\"c0deb75\" data-element_type=\"container\">\n\t\t\t\t\t<div class=\"e-con-inner\">\n\t\t<div class=\"elementor-element elementor-element-0e3500c e-con-full e-flex e-con e-child\" data-id=\"0e3500c\" data-element_type=\"container\">\n\t\t\t\t<div class=\"elementor-element elementor-element-84cbe5a elementor-widget elementor-widget-heading\" data-id=\"84cbe5a\" data-element_type=\"widget\" data-widget_type=\"heading.default\">\n\t\t\t\t<div class=\"elementor-widget-container\">\n\t\t\t\t\t<h2 class=\"elementor-heading-title elementor-size-default\">Staubarme Fliesensanierung<\/h2>\t\t\t\t<\/div>\n\t\t\t\t<\/div>\n\t\t\t\t<div class=\"elementor-element elementor-element-1163c20 elementor-widget__width-initial elementor-widget elementor-widget-text-editor\" data-id=\"1163c20\" data-element_type=\"widget\" data-widget_type=\"text-editor.default\">\n\t\t\t\t<div class=\"elementor-widget-container\">\n\t\t\t\t\t\t\t\t\t<p>Wir erneuern Ihre alten Fliesen schnell und sauber.<\/p>\t\t\t\t\t\t\t\t<\/div>\n\t\t\t\t<\/div>\n\t\t\t\t<div class=\"elementor-element elementor-element-3d1cf52 elementor-widget elementor-widget-text-editor\" data-id=\"3d1cf52\" data-element_type=\"widget\" data-widget_type=\"text-editor.default\">\n\t\t\t\t<div class=\"elementor-widget-container\">\n\t\t\t\t\t\t\t\t\t<p>Mit modernster Technik sorgen wir daf\u00fcr, dass Ihr Zuhause staubfrei bleibt, und Sie sich um nichts k\u00fcmmern m\u00fcssen.<\/p><ul><li>Abdeckung von M\u00f6bel<\/li><li>Staubbarrieren und Schutzw\u00e4nde aus Folien<\/li><li>Absaugsysteme<\/li><li>Austausch von T\u00fcren w\u00e4hrend unserer Arbeiten<\/li><li>abkleben und abdecken zum Schutz von Treppen und angrenzenden B\u00f6den<\/li><\/ul>\t\t\t\t\t\t\t\t<\/div>\n\t\t\t\t<\/div>\n\t\t\t\t<\/div>\n\t\t<div class=\"elementor-element elementor-element-a1fb916 e-con-full e-flex e-con e-child\" data-id=\"a1fb916\" data-element_type=\"container\">\n\t\t\t\t<div class=\"elementor-element elementor-element-8febd5b e-transform elementor-widget elementor-widget-image\" data-id=\"8febd5b\" data-element_type=\"widget\" data-settings=\"{&quot;_transform_translateX_effect&quot;:{&quot;unit&quot;:&quot;rem&quot;,&quot;size&quot;:3,&quot;sizes&quot;:[]},&quot;_transform_translateX_effect_tablet&quot;:{&quot;unit&quot;:&quot;rem&quot;,&quot;size&quot;:&quot;&quot;,&quot;sizes&quot;:[]},&quot;_transform_translateX_effect_mobile&quot;:{&quot;unit&quot;:&quot;rem&quot;,&quot;size&quot;:1,&quot;sizes&quot;:[]},&quot;_transform_translateY_effect&quot;:{&quot;unit&quot;:&quot;rem&quot;,&quot;size&quot;:5,&quot;sizes&quot;:[]},&quot;_transform_translateY_effect_tablet&quot;:{&quot;unit&quot;:&quot;rem&quot;,&quot;size&quot;:&quot;&quot;,&quot;sizes&quot;:[]},&quot;_transform_translateY_effect_mobile&quot;:{&quot;unit&quot;:&quot;rem&quot;,&quot;size&quot;:2,&quot;sizes&quot;:[]}}\" data-widget_type=\"image.default\">\n\t\t\t\t<div class=\"elementor-widget-container\">\n\t\t\t\t\t\t\t\t\t\t\t\t\t\t\t<img decoding=\"async\" src=\"https:\/\/fliesen-opel-ocholt.de\/wp-content\/uploads\/elementor\/thumbs\/fliesen-opel-staubarm-rbmxbuejoss7esuyxi01bf66e0f6egmxmg462b7mdc.jpg\" title=\"Fliesen Opel &#8211; staubarme Renovierung\" alt=\"Staubarme Renovierung durch Fliesen-Opel aus Ocholt\" loading=\"lazy\" \/>\t\t\t\t\t\t\t\t\t\t\t\t\t\t\t<\/div>\n\t\t\t\t<\/div>\n\t\t\t\t<\/div>\n\t\t\t\t\t<\/div>\n\t\t\t\t<\/div>\n\t\t\t\t<\/div>\n\t\t<div class=\"elementor-element elementor-element-3105182 e-con-full e-flex e-con e-parent\" data-id=\"3105182\" data-element_type=\"container\" id=\"fugen\" data-settings=\"{&quot;background_background&quot;:&quot;classic&quot;}\">\n\t\t<div class=\"elementor-element elementor-element-af915d3 e-flex e-con-boxed e-con e-child\" data-id=\"af915d3\" data-element_type=\"container\">\n\t\t\t\t\t<div class=\"e-con-inner\">\n\t\t<div class=\"elementor-element elementor-element-ad9483e e-con-full e-flex e-con e-child\" data-id=\"ad9483e\" data-element_type=\"container\">\n\t\t\t\t<div class=\"elementor-element elementor-element-97bff1c elementor-widget elementor-widget-heading\" data-id=\"97bff1c\" data-element_type=\"widget\" data-widget_type=\"heading.default\">\n\t\t\t\t<div class=\"elementor-widget-container\">\n\t\t\t\t\t<h2 class=\"elementor-heading-title elementor-size-default\">Fugen&shy;versiegelung<\/h2>\t\t\t\t<\/div>\n\t\t\t\t<\/div>\n\t\t\t\t<div class=\"elementor-element elementor-element-5990b73 elementor-widget__width-initial elementor-widget elementor-widget-text-editor\" data-id=\"5990b73\" data-element_type=\"widget\" data-widget_type=\"text-editor.default\">\n\t\t\t\t<div class=\"elementor-widget-container\">\n\t\t\t\t\t\t\t\t\t<p>Perfekte Fugen \u2013 dauerhaft dicht!<\/p>\t\t\t\t\t\t\t\t<\/div>\n\t\t\t\t<\/div>\n\t\t\t\t<div class=\"elementor-element elementor-element-997ffba elementor-widget elementor-widget-text-editor\" data-id=\"997ffba\" data-element_type=\"widget\" data-widget_type=\"text-editor.default\">\n\t\t\t\t<div class=\"elementor-widget-container\">\n\t\t\t\t\t\t\t\t\t<p>Unsere professionelle Silikon-Fugenversiegelung sorgt f\u00fcr ein sauberes, hygienisches und langlebiges Ergebnis.<\/p><p>Ob im Bad, in der K\u00fcche oder an Fenstern \u2013 wir versiegeln Ihre Fugen fachgerecht, \u00e4sthetisch und zuverl\u00e4ssig.<\/p><p>Intakte Silikonfugen sch\u00fctzen Ihr Zuhause dauerhaft vor Feuchtigkeit und Bausch\u00e4den \u2013 f\u00fcr mehr Werterhalt und Wohlbefinden in den eigenen vier W\u00e4nden.<\/p>\t\t\t\t\t\t\t\t<\/div>\n\t\t\t\t<\/div>\n\t\t\t\t<\/div>\n\t\t<div class=\"elementor-element elementor-element-da932b9 e-con-full e-flex e-con e-child\" data-id=\"da932b9\" data-element_type=\"container\">\n\t\t\t\t<div class=\"elementor-element elementor-element-2ee4349 e-transform elementor-widget elementor-widget-image\" data-id=\"2ee4349\" data-element_type=\"widget\" data-settings=\"{&quot;_transform_translateX_effect&quot;:{&quot;unit&quot;:&quot;rem&quot;,&quot;size&quot;:-3,&quot;sizes&quot;:[]},&quot;_transform_translateX_effect_tablet&quot;:{&quot;unit&quot;:&quot;rem&quot;,&quot;size&quot;:&quot;&quot;,&quot;sizes&quot;:[]},&quot;_transform_translateX_effect_mobile&quot;:{&quot;unit&quot;:&quot;rem&quot;,&quot;size&quot;:-1.5,&quot;sizes&quot;:[]},&quot;_transform_translateY_effect&quot;:{&quot;unit&quot;:&quot;rem&quot;,&quot;size&quot;:-6,&quot;sizes&quot;:[]},&quot;_transform_translateY_effect_tablet&quot;:{&quot;unit&quot;:&quot;rem&quot;,&quot;size&quot;:&quot;&quot;,&quot;sizes&quot;:[]},&quot;_transform_translateY_effect_mobile&quot;:{&quot;unit&quot;:&quot;rem&quot;,&quot;size&quot;:-4,&quot;sizes&quot;:[]}}\" data-widget_type=\"image.default\">\n\t\t\t\t<div class=\"elementor-widget-container\">\n\t\t\t\t\t\t\t\t\t\t\t\t\t\t\t<img decoding=\"async\" src=\"https:\/\/fliesen-opel-ocholt.de\/wp-content\/uploads\/elementor\/thumbs\/fliesen-opel-fugenversiegelung-rbmxktr0zt2ucntahdrp55kqqk5fycaliwj75hw6ww.jpg\" title=\"Fliesen Opel &#8211; Fugenversiegelung\" alt=\"Fliesen Opel - Fugenversiegelung\" loading=\"lazy\" \/>\t\t\t\t\t\t\t\t\t\t\t\t\t\t\t<\/div>\n\t\t\t\t<\/div>\n\t\t\t\t<\/div>\n\t\t\t\t\t<\/div>\n\t\t\t\t<\/div>\n\t\t\t\t<\/div>\n\t\t<div class=\"elementor-element elementor-element-8fecc88 e-con-full e-flex e-con e-parent\" data-id=\"8fecc88\" data-element_type=\"container\" id=\"umbau\">\n\t\t<div class=\"elementor-element elementor-element-19b5229 e-flex e-con-boxed e-con e-child\" data-id=\"19b5229\" data-element_type=\"container\">\n\t\t\t\t\t<div class=\"e-con-inner\">\n\t\t<div class=\"elementor-element elementor-element-5447047 e-con-full e-flex e-con e-child\" data-id=\"5447047\" data-element_type=\"container\">\n\t\t\t\t<div class=\"elementor-element elementor-element-924cc08 elementor-widget elementor-widget-heading\" data-id=\"924cc08\" data-element_type=\"widget\" data-widget_type=\"heading.default\">\n\t\t\t\t<div class=\"elementor-widget-container\">\n\t\t\t\t\t<h2 class=\"elementor-heading-title elementor-size-default\">Umbau und Vorarbeiten<\/h2>\t\t\t\t<\/div>\n\t\t\t\t<\/div>\n\t\t\t\t<div class=\"elementor-element elementor-element-0bf22eb elementor-widget__width-initial elementor-widget elementor-widget-text-editor\" data-id=\"0bf22eb\" data-element_type=\"widget\" data-widget_type=\"text-editor.default\">\n\t\t\t\t<div class=\"elementor-widget-container\">\n\t\t\t\t\t\t\t\t\t<p>Sie m\u00f6chten eine gr\u00f6\u00dfere Ver\u00e4nderung? Oder Ihre R\u00e4umlichkeiten m\u00fcssen f\u00fcr die neuen Fliesen noch vorbereitet werden?<\/p>\t\t\t\t\t\t\t\t<\/div>\n\t\t\t\t<\/div>\n\t\t\t\t<div class=\"elementor-element elementor-element-20352fd elementor-widget elementor-widget-text-editor\" data-id=\"20352fd\" data-element_type=\"widget\" data-widget_type=\"text-editor.default\">\n\t\t\t\t<div class=\"elementor-widget-container\">\n\t\t\t\t\t\t\t\t\t<p>Damit Sie nicht aufwendig verschiedene Gewerke koordinieren m\u00fcssen, \u00fcbernehmen wir auf Wunsch zus\u00e4tzlich folgende Arbeiten \u2013 selbstverst\u00e4ndlich fachgerecht und in gewohnter, hochwertiger Qualit\u00e4t:<\/p><ul><li>Verputzen von W\u00e4nden<\/li><li>Estricharbeiten \/ Estrich verlegen<\/li><li>Bodenfl\u00e4chennivellierung<\/li><li>Fliesenentfernung<\/li><li>Komplette Entkernung<\/li><li>Maurerarbeiten (z.\u202fB. Trennw\u00e4nde, Durchbr\u00fcche, T\u00fcrversetzungen, Einbau von Sp\u00fclk\u00e4sten)<\/li><\/ul>\t\t\t\t\t\t\t\t<\/div>\n\t\t\t\t<\/div>\n\t\t\t\t<\/div>\n\t\t<div class=\"elementor-element elementor-element-70fb097 e-con-full e-flex e-con e-child\" data-id=\"70fb097\" data-element_type=\"container\">\n\t\t\t\t<div class=\"elementor-element elementor-element-7dcd685 e-transform elementor-widget elementor-widget-image\" data-id=\"7dcd685\" data-element_type=\"widget\" data-settings=\"{&quot;_transform_translateX_effect&quot;:{&quot;unit&quot;:&quot;rem&quot;,&quot;size&quot;:3,&quot;sizes&quot;:[]},&quot;_transform_translateX_effect_tablet&quot;:{&quot;unit&quot;:&quot;rem&quot;,&quot;size&quot;:1,&quot;sizes&quot;:[]},&quot;_transform_translateX_effect_mobile&quot;:{&quot;unit&quot;:&quot;rem&quot;,&quot;size&quot;:1,&quot;sizes&quot;:[]},&quot;_transform_translateY_effect&quot;:{&quot;unit&quot;:&quot;rem&quot;,&quot;size&quot;:&quot;&quot;,&quot;sizes&quot;:[]},&quot;_transform_translateY_effect_tablet&quot;:{&quot;unit&quot;:&quot;rem&quot;,&quot;size&quot;:&quot;&quot;,&quot;sizes&quot;:[]},&quot;_transform_translateY_effect_mobile&quot;:{&quot;unit&quot;:&quot;rem&quot;,&quot;size&quot;:&quot;&quot;,&quot;sizes&quot;:[]}}\" data-widget_type=\"image.default\">\n\t\t\t\t<div class=\"elementor-widget-container\">\n\t\t\t\t\t\t\t\t\t\t\t\t\t\t\t<img decoding=\"async\" src=\"https:\/\/fliesen-opel-ocholt.de\/wp-content\/uploads\/elementor\/thumbs\/fliesen-opel-umbau-rbmxufnmuu8d15uudjaemqadccsimyftiglvrbnbb4.jpg\" title=\"Fliesen Opel &#8211; Umbau\" alt=\"Vorarbeiten und Umbau durch Fliesen Opel aus Ocholt\" loading=\"lazy\" \/>\t\t\t\t\t\t\t\t\t\t\t\t\t\t\t<\/div>\n\t\t\t\t<\/div>\n\t\t\t\t<\/div>\n\t\t\t\t\t<\/div>\n\t\t\t\t<\/div>\n\t\t\t\t<\/div>\n\t\t<div class=\"elementor-element elementor-element-05a10c5 e-con-full e-flex e-con e-parent\" data-id=\"05a10c5\" data-element_type=\"container\" id=\"reparatur\" data-settings=\"{&quot;background_background&quot;:&quot;classic&quot;}\">\n\t\t<div class=\"elementor-element elementor-element-cf867ce e-flex e-con-boxed e-con e-child\" data-id=\"cf867ce\" data-element_type=\"container\">\n\t\t\t\t\t<div class=\"e-con-inner\">\n\t\t<div class=\"elementor-element elementor-element-dbe0934 e-con-full e-flex e-con e-child\" data-id=\"dbe0934\" data-element_type=\"container\">\n\t\t\t\t<div class=\"elementor-element elementor-element-5f51ee3 elementor-widget elementor-widget-heading\" data-id=\"5f51ee3\" data-element_type=\"widget\" data-widget_type=\"heading.default\">\n\t\t\t\t<div class=\"elementor-widget-container\">\n\t\t\t\t\t<h2 class=\"elementor-heading-title elementor-size-default\">Reparatur &amp; Sanierung<\/h2>\t\t\t\t<\/div>\n\t\t\t\t<\/div>\n\t\t\t\t<div class=\"elementor-element elementor-element-1ac14dc elementor-widget__width-initial elementor-widget elementor-widget-text-editor\" data-id=\"1ac14dc\" data-element_type=\"widget\" data-widget_type=\"text-editor.default\">\n\t\t\t\t<div class=\"elementor-widget-container\">\n\t\t\t\t\t\t\t\t\t<p>Von der Sch\u00f6nheitsreparatur bis zur Komplettmodernisierung<\/p>\t\t\t\t\t\t\t\t<\/div>\n\t\t\t\t<\/div>\n\t\t\t\t<div class=\"elementor-element elementor-element-d8a31a6 elementor-widget elementor-widget-text-editor\" data-id=\"d8a31a6\" data-element_type=\"widget\" data-widget_type=\"text-editor.default\">\n\t\t\t\t<div class=\"elementor-widget-container\">\n\t\t\t\t\t\t\t\t\t<p>Egal, ob unauff\u00e4llig eine einzelne Fliese ausgetauscht werden soll oder Sie eine umfassende Raumrenovierung planen \u2013 wir k\u00fcmmern uns zuverl\u00e4ssig und fachgerecht um Ihr Projekt.<\/p><p>Auch bei der Badsanierung richten wir uns ganz nach Ihren W\u00fcnschen: Ob klassischer Fliesenspiegel oder moderne, fugenlose Oberfl\u00e4chen \u2013 wir verwandeln Ihr Bad in eine stilvolle Wohlf\u00fchloase.<\/p>\t\t\t\t\t\t\t\t<\/div>\n\t\t\t\t<\/div>\n\t\t\t\t<\/div>\n\t\t<div class=\"elementor-element elementor-element-a9d08da e-con-full e-flex e-con e-child\" data-id=\"a9d08da\" data-element_type=\"container\">\n\t\t\t\t<div class=\"elementor-element elementor-element-e67b0ee e-transform elementor-widget elementor-widget-image\" data-id=\"e67b0ee\" data-element_type=\"widget\" data-settings=\"{&quot;_transform_translateX_effect&quot;:{&quot;unit&quot;:&quot;rem&quot;,&quot;size&quot;:-3,&quot;sizes&quot;:[]},&quot;_transform_translateX_effect_tablet&quot;:{&quot;unit&quot;:&quot;rem&quot;,&quot;size&quot;:-1,&quot;sizes&quot;:[]},&quot;_transform_translateX_effect_mobile&quot;:{&quot;unit&quot;:&quot;rem&quot;,&quot;size&quot;:-2,&quot;sizes&quot;:[]},&quot;_transform_translateY_effect&quot;:{&quot;unit&quot;:&quot;rem&quot;,&quot;size&quot;:7,&quot;sizes&quot;:[]},&quot;_transform_translateY_effect_tablet&quot;:{&quot;unit&quot;:&quot;rem&quot;,&quot;size&quot;:0,&quot;sizes&quot;:[]},&quot;_transform_translateY_effect_mobile&quot;:{&quot;unit&quot;:&quot;rem&quot;,&quot;size&quot;:-4,&quot;sizes&quot;:[]}}\" data-widget_type=\"image.default\">\n\t\t\t\t<div class=\"elementor-widget-container\">\n\t\t\t\t\t\t\t\t\t\t\t\t\t\t\t<img decoding=\"async\" src=\"https:\/\/fliesen-opel-ocholt.de\/wp-content\/uploads\/elementor\/thumbs\/fliesen-opel-reparatur-rbmxzjw02d8k8qf8hqxa7fsprvkgjmr7jsh1tk25fk.jpg\" title=\"Fliesen Opel &#8211; Sanierung und Reparatur\" alt=\"Sanierung und Reparatur durch Fliesen opel in Ocholt\" loading=\"lazy\" \/>\t\t\t\t\t\t\t\t\t\t\t\t\t\t\t<\/div>\n\t\t\t\t<\/div>\n\t\t\t\t<\/div>\n\t\t\t\t\t<\/div>\n\t\t\t\t<\/div>\n\t\t\t\t<\/div>\n\t\t<div class=\"elementor-element elementor-element-4e8e36b e-flex e-con-boxed e-con e-parent\" data-id=\"4e8e36b\" data-element_type=\"container\">\n\t\t\t\t\t<div class=\"e-con-inner\">\n\t\t<div class=\"elementor-element elementor-element-a00be81 e-con-full e-flex e-con e-child\" data-id=\"a00be81\" data-element_type=\"container\">\n\t\t\t\t<\/div>\n\t\t<div class=\"elementor-element elementor-element-b032b22 e-con-full e-flex e-con e-child\" data-id=\"b032b22\" data-element_type=\"container\">\n\t\t\t\t<div class=\"elementor-element elementor-element-aed1e70 e-transform elementor-widget elementor-widget-image\" data-id=\"aed1e70\" data-element_type=\"widget\" data-settings=\"{&quot;_transform_translateY_effect&quot;:{&quot;unit&quot;:&quot;rem&quot;,&quot;size&quot;:-3,&quot;sizes&quot;:[]},&quot;_transform_translateY_effect_tablet&quot;:{&quot;unit&quot;:&quot;rem&quot;,&quot;size&quot;:&quot;&quot;,&quot;sizes&quot;:[]},&quot;_transform_translateY_effect_mobile&quot;:{&quot;unit&quot;:&quot;rem&quot;,&quot;size&quot;:-5,&quot;sizes&quot;:[]},&quot;_transform_translateX_effect&quot;:{&quot;unit&quot;:&quot;px&quot;,&quot;size&quot;:&quot;&quot;,&quot;sizes&quot;:[]},&quot;_transform_translateX_effect_tablet&quot;:{&quot;unit&quot;:&quot;px&quot;,&quot;size&quot;:&quot;&quot;,&quot;sizes&quot;:[]},&quot;_transform_translateX_effect_mobile&quot;:{&quot;unit&quot;:&quot;px&quot;,&quot;size&quot;:&quot;&quot;,&quot;sizes&quot;:[]}}\" data-widget_type=\"image.default\">\n\t\t\t\t<div class=\"elementor-widget-container\">\n\t\t\t\t\t\t\t\t\t\t\t\t<figure class=\"wp-caption\">\n\t\t\t\t\t\t\t\t\t\t<img decoding=\"async\" src=\"https:\/\/fliesen-opel-ocholt.de\/wp-content\/uploads\/elementor\/thumbs\/fliesen-opel-ocholt-modernnisierung-rbmz7qb4l69i1v40zffjphiohpouzdp5rdvmen3xdg.png\" title=\"Fliesen Opel &#8211; Modernisierung\" alt=\"Modernisiertes Bad von Fliesen Opel in der vorher-nachher Darstellung\" loading=\"lazy\" \/>\t\t\t\t\t\t\t\t\t\t\t<figcaption class=\"widget-image-caption wp-caption-text\">vorher - nachher<\/figcaption>\n\t\t\t\t\t\t\t\t\t\t<\/figure>\n\t\t\t\t\t\t\t\t\t<\/div>\n\t\t\t\t<\/div>\n\t\t\t\t<\/div>\n\t\t\t\t\t<\/div>\n\t\t\t\t<\/div>\n\t\t<div class=\"elementor-element elementor-element-4588a147 e-con-full e-flex e-con e-parent\" data-id=\"4588a147\" data-element_type=\"container\" data-settings=\"{&quot;background_background&quot;:&quot;classic&quot;}\">\n\t\t\t\t<div class=\"elementor-element elementor-element-23c261d9 elementor-cta--layout-image-below elementor-cta--skin-classic elementor-animated-content elementor-bg-transform elementor-bg-transform-zoom-in elementor-widget elementor-widget-call-to-action\" data-id=\"23c261d9\" data-element_type=\"widget\" data-widget_type=\"call-to-action.default\">\n\t\t\t\t<div class=\"elementor-widget-container\">\n\t\t\t\t\t\t\t<div class=\"elementor-cta\">\n\t\t\t\t\t<div class=\"elementor-cta__bg-wrapper\">\n\t\t\t\t<div class=\"elementor-cta__bg elementor-bg\" style=\"background-image: url(https:\/\/fliesen-opel-ocholt.de\/wp-content\/uploads\/2025\/09\/fliesen-opel-fliesenarbeiten-1024x393.jpg);\" role=\"img\" aria-label=\"Kontaktieren Sie Fliesen Opel f\u00fcr hochwertige Fliesenarbeiten\"><\/div>\n\t\t\t\t<div class=\"elementor-cta__bg-overlay\"><\/div>\n\t\t\t<\/div>\n\t\t\t\t\t\t\t<div class=\"elementor-cta__content\">\n\t\t\t\t\n\t\t\t\t\t\t\t\t\t<h2 class=\"elementor-cta__title elementor-cta__content-item elementor-content-item\">\n\t\t\t\t\t\t\u00dcberzeugt von unserem Service?\t\t\t\t\t<\/h2>\n\t\t\t\t\n\t\t\t\t\t\t\t\t\t<div class=\"elementor-cta__description elementor-cta__content-item elementor-content-item\">\n\t\t\t\t\t\tDann kontaktieren Sie uns doch!\t\t\t\t\t<\/div>\n\t\t\t\t\n\t\t\t\t\t\t\t\t\t<div class=\"elementor-cta__button-wrapper elementor-cta__content-item elementor-content-item \">\n\t\t\t\t\t<a class=\"elementor-cta__button elementor-button elementor-size-\" href=\"\/kontakt\">\n\t\t\t\t\t\tJetzt Anfrage stellen\t\t\t\t\t<\/a>\n\t\t\t\t\t<\/div>\n\t\t\t\t\t\t\t<\/div>\n\t\t\t\t\t\t<\/div>\n\t\t\t\t\t\t<\/div>\n\t\t\t\t<\/div>\n\t\t\t\t<\/div>\n\t\t\t\t<\/div>\n\t\t","protected":false},"excerpt":{"rendered":"<p>Service Wir \u00fcberzeugen durch pers\u00f6nliche Beratung, zuverl\u00e4ssige Abwicklung und ma\u00dfgeschneiderte L\u00f6sungen. Neben den klassischen Fliesenarbeiten bieten wir auch weitere fachgerechte Ausf\u00fchrungen von Arbeiten an. So bekommen Sie alles mit weniger Aufwand f\u00fcr Sie aus einer Hand. Service Wir \u00fcberzeugen durch pers\u00f6nliche Beratung, zuverl\u00e4ssige Abwicklung und ma\u00dfgeschneiderte L\u00f6sungen. Neben den klassischen Fliesenarbeiten bieten wir auch weitere [&hellip;]<\/p>\n","protected":false},"author":2,"featured_media":0,"parent":19,"menu_order":0,"comment_status":"closed","ping_status":"closed","template":"","meta":{"footnotes":""},"class_list":["post-28","page","type-page","status-publish","hentry"],"_links":{"self":[{"href":"https:\/\/fliesen-opel-ocholt.de\/index.php\/wp-json\/wp\/v2\/pages\/28","targetHints":{"allow":["GET"]}}],"collection":[{"href":"https:\/\/fliesen-opel-ocholt.de\/index.php\/wp-json\/wp\/v2\/pages"}],"about":[{"href":"https:\/\/fliesen-opel-ocholt.de\/index.php\/wp-json\/wp\/v2\/types\/page"}],"author":[{"embeddable":true,"href":"https:\/\/fliesen-opel-ocholt.de\/index.php\/wp-json\/wp\/v2\/users\/2"}],"replies":[{"embeddable":true,"href":"https:\/\/fliesen-opel-ocholt.de\/index.php\/wp-json\/wp\/v2\/comments?post=28"}],"version-history":[{"count":172,"href":"https:\/\/fliesen-opel-ocholt.de\/index.php\/wp-json\/wp\/v2\/pages\/28\/revisions"}],"predecessor-version":[{"id":1866,"href":"https:\/\/fliesen-opel-ocholt.de\/index.php\/wp-json\/wp\/v2\/pages\/28\/revisions\/1866"}],"up":[{"embeddable":true,"href":"https:\/\/fliesen-opel-ocholt.de\/index.php\/wp-json\/wp\/v2\/pages\/19"}],"wp:attachment":[{"href":"https:\/\/fliesen-opel-ocholt.de\/index.php\/wp-json\/wp\/v2\/media?parent=28"}],"curies":[{"name":"wp","href":"https:\/\/api.w.org\/{rel}","templated":true}]}}