{"id":32,"date":"2024-09-11T16:01:50","date_gmt":"2024-09-11T14:01:50","guid":{"rendered":"https:\/\/fliesen-opel-ocholt.de\/?page_id=32"},"modified":"2025-09-24T12:12:39","modified_gmt":"2025-09-24T10:12:39","slug":"ueber-uns","status":"publish","type":"page","link":"https:\/\/fliesen-opel-ocholt.de\/ueber-uns\/","title":{"rendered":"\u00dcber uns"},"content":{"rendered":"\t\t<div data-elementor-type=\"wp-page\" data-elementor-id=\"32\" class=\"elementor elementor-32\" data-elementor-post-type=\"page\">\n\t\t\t\t<div class=\"elementor-element elementor-element-3299bf35 e-con-full elementor-hidden-mobile elementor-hidden-tablet e-flex e-con e-parent\" data-id=\"3299bf35\" data-element_type=\"container\" data-settings=\"{&quot;background_background&quot;:&quot;slideshow&quot;,&quot;background_slideshow_gallery&quot;:[{&quot;id&quot;:1884,&quot;url&quot;:&quot;https:\\\/\\\/fliesen-opel-ocholt.de\\\/wp-content\\\/uploads\\\/2025\\\/09\\\/Fliesen-Opel_Team_20250828_008-1.jpg&quot;}],&quot;background_slideshow_loop&quot;:&quot;yes&quot;,&quot;background_slideshow_slide_duration&quot;:5000,&quot;background_slideshow_slide_transition&quot;:&quot;fade&quot;,&quot;background_slideshow_transition_duration&quot;:500}\">\n\t\t<div class=\"elementor-element elementor-element-3b29c8cb e-flex e-con-boxed e-con e-child\" data-id=\"3b29c8cb\" data-element_type=\"container\" data-settings=\"{&quot;background_background&quot;:&quot;classic&quot;}\">\n\t\t\t\t\t<div class=\"e-con-inner\">\n\t\t\t\t<div class=\"elementor-element elementor-element-b381faf elementor-widget__width-initial elementor-widget elementor-widget-heading\" data-id=\"b381faf\" data-element_type=\"widget\" data-widget_type=\"heading.default\">\n\t\t\t\t<div class=\"elementor-widget-container\">\n\t\t\t\t\t<h1 class=\"elementor-heading-title elementor-size-default\">\u00dcber uns<\/h1>\t\t\t\t<\/div>\n\t\t\t\t<\/div>\n\t\t\t\t<div class=\"elementor-element elementor-element-1dbdeaa7 elementor-widget__width-initial elementor-widget elementor-widget-heading\" data-id=\"1dbdeaa7\" data-element_type=\"widget\" data-widget_type=\"heading.default\">\n\t\t\t\t<div class=\"elementor-widget-container\">\n\t\t\t\t\t<h2 class=\"elementor-heading-title elementor-size-default\">Meisterbetrieb Opel \u2013 seit \u00fcber 20 Jahren Ihr Partner<\/h2>\t\t\t\t<\/div>\n\t\t\t\t<\/div>\n\t\t\t\t<div class=\"elementor-element elementor-element-53b7d21e elementor-widget__width-initial elementor-widget elementor-widget-text-editor\" data-id=\"53b7d21e\" data-element_type=\"widget\" data-widget_type=\"text-editor.default\">\n\t\t\t\t<div class=\"elementor-widget-container\">\n\t\t\t\t\t\t\t\t\t<p>Als <span class=\"fs14lh1-5\">traditionelles Familienunternehmen verbinden wir Handwerk und Design<\/span> rund um die Themen Fliesen, Platten und Mosaike.<\/p>\t\t\t\t\t\t\t\t<\/div>\n\t\t\t\t<\/div>\n\t\t\t\t\t<\/div>\n\t\t\t\t<\/div>\n\t\t\t\t<\/div>\n\t\t<div class=\"elementor-element elementor-element-4f6cc4d e-con-full elementor-hidden-desktop e-flex e-con e-parent\" data-id=\"4f6cc4d\" data-element_type=\"container\">\n\t\t\t\t<div class=\"elementor-element elementor-element-0da1592 elementor-widget elementor-widget-image\" data-id=\"0da1592\" data-element_type=\"widget\" data-widget_type=\"image.default\">\n\t\t\t\t<div class=\"elementor-widget-container\">\n\t\t\t\t\t\t\t\t\t\t\t\t\t\t\t<img fetchpriority=\"high\" decoding=\"async\" width=\"800\" height=\"416\" src=\"https:\/\/fliesen-opel-ocholt.de\/wp-content\/uploads\/2025\/09\/Fliesen-Opel_Team_20250828_008-1-1024x532.jpg\" class=\"attachment-large size-large wp-image-1884\" alt=\"\" srcset=\"https:\/\/fliesen-opel-ocholt.de\/wp-content\/uploads\/2025\/09\/Fliesen-Opel_Team_20250828_008-1-1024x532.jpg 1024w, https:\/\/fliesen-opel-ocholt.de\/wp-content\/uploads\/2025\/09\/Fliesen-Opel_Team_20250828_008-1-300x156.jpg 300w, https:\/\/fliesen-opel-ocholt.de\/wp-content\/uploads\/2025\/09\/Fliesen-Opel_Team_20250828_008-1-768x399.jpg 768w, https:\/\/fliesen-opel-ocholt.de\/wp-content\/uploads\/2025\/09\/Fliesen-Opel_Team_20250828_008-1.jpg 1464w\" sizes=\"(max-width: 800px) 100vw, 800px\" \/>\t\t\t\t\t\t\t\t\t\t\t\t\t\t\t<\/div>\n\t\t\t\t<\/div>\n\t\t<div class=\"elementor-element elementor-element-b3478bc e-con-full e-flex e-con e-child\" data-id=\"b3478bc\" data-element_type=\"container\" data-settings=\"{&quot;background_background&quot;:&quot;classic&quot;}\">\n\t\t\t\t<div class=\"elementor-element elementor-element-2806729 elementor-widget__width-initial elementor-widget elementor-widget-heading\" data-id=\"2806729\" data-element_type=\"widget\" data-widget_type=\"heading.default\">\n\t\t\t\t<div class=\"elementor-widget-container\">\n\t\t\t\t\t<h1 class=\"elementor-heading-title elementor-size-default\">\u00dcber uns<\/h1>\t\t\t\t<\/div>\n\t\t\t\t<\/div>\n\t\t\t\t<div class=\"elementor-element elementor-element-7de1cd2 elementor-widget__width-initial elementor-widget elementor-widget-heading\" data-id=\"7de1cd2\" data-element_type=\"widget\" data-widget_type=\"heading.default\">\n\t\t\t\t<div class=\"elementor-widget-container\">\n\t\t\t\t\t<h2 class=\"elementor-heading-title elementor-size-default\">Meisterbetrieb Opel \u2013 seit \u00fcber 20 Jahren Ihr Partner<\/h2>\t\t\t\t<\/div>\n\t\t\t\t<\/div>\n\t\t\t\t<div class=\"elementor-element elementor-element-0c34329 elementor-widget__width-initial elementor-widget elementor-widget-text-editor\" data-id=\"0c34329\" data-element_type=\"widget\" data-widget_type=\"text-editor.default\">\n\t\t\t\t<div class=\"elementor-widget-container\">\n\t\t\t\t\t\t\t\t\t<p>Als <span class=\"fs14lh1-5\">traditionelles Familienunternehmen verbinden wir Handwerk und Design<\/span> rund um die Themen Fliesen, Platten und Mosaike.<\/p>\t\t\t\t\t\t\t\t<\/div>\n\t\t\t\t<\/div>\n\t\t\t\t<\/div>\n\t\t\t\t<\/div>\n\t\t<div class=\"elementor-element elementor-element-5906ac3 e-flex e-con-boxed e-con e-parent\" data-id=\"5906ac3\" data-element_type=\"container\">\n\t\t\t\t\t<div class=\"e-con-inner\">\n\t\t<div class=\"elementor-element elementor-element-f3558d6 e-con-full e-flex e-con e-child\" data-id=\"f3558d6\" data-element_type=\"container\">\n\t\t<div class=\"elementor-element elementor-element-8f3a0a1 e-con-full e-flex e-con e-child\" data-id=\"8f3a0a1\" data-element_type=\"container\">\n\t\t\t\t<div class=\"elementor-element elementor-element-5284de9 elementor-widget elementor-widget-heading\" data-id=\"5284de9\" data-element_type=\"widget\" data-widget_type=\"heading.default\">\n\t\t\t\t<div class=\"elementor-widget-container\">\n\t\t\t\t\t<h2 class=\"elementor-heading-title elementor-size-default\">Fliesenverlege&shy;betrieb M. Opel<\/h2>\t\t\t\t<\/div>\n\t\t\t\t<\/div>\n\t\t\t\t<div class=\"elementor-element elementor-element-57263ac elementor-widget__width-initial elementor-widget elementor-widget-text-editor\" data-id=\"57263ac\" data-element_type=\"widget\" data-widget_type=\"text-editor.default\">\n\t\t\t\t<div class=\"elementor-widget-container\">\n\t\t\t\t\t\t\t\t\t<p>Tradition trifft auf Innovation<\/p>\t\t\t\t\t\t\t\t<\/div>\n\t\t\t\t<\/div>\n\t\t\t\t<\/div>\n\t\t<div class=\"elementor-element elementor-element-4abf61b e-con-full e-flex e-con e-child\" data-id=\"4abf61b\" data-element_type=\"container\">\n\t\t\t\t<div class=\"elementor-element elementor-element-6d16c6c e-transform elementor-widget elementor-widget-image\" data-id=\"6d16c6c\" data-element_type=\"widget\" data-settings=\"{&quot;_transform_translateX_effect&quot;:{&quot;unit&quot;:&quot;rem&quot;,&quot;size&quot;:2,&quot;sizes&quot;:[]},&quot;_transform_translateX_effect_tablet&quot;:{&quot;unit&quot;:&quot;rem&quot;,&quot;size&quot;:&quot;&quot;,&quot;sizes&quot;:[]},&quot;_transform_translateX_effect_mobile&quot;:{&quot;unit&quot;:&quot;rem&quot;,&quot;size&quot;:0.75,&quot;sizes&quot;:[]},&quot;_transform_translateY_effect&quot;:{&quot;unit&quot;:&quot;rem&quot;,&quot;size&quot;:7,&quot;sizes&quot;:[]},&quot;_transform_translateY_effect_tablet&quot;:{&quot;unit&quot;:&quot;rem&quot;,&quot;size&quot;:&quot;&quot;,&quot;sizes&quot;:[]},&quot;_transform_translateY_effect_mobile&quot;:{&quot;unit&quot;:&quot;rem&quot;,&quot;size&quot;:2.5,&quot;sizes&quot;:[]}}\" data-widget_type=\"image.default\">\n\t\t\t\t<div class=\"elementor-widget-container\">\n\t\t\t\t\t\t\t\t\t\t\t\t\t\t\t<img decoding=\"async\" src=\"https:\/\/fliesen-opel-ocholt.de\/wp-content\/uploads\/2025\/09\/Fliesen-Opel_Team_20250828_026.jpg\" title=\"Team von Fliesen Opel\" alt=\"Team von Fliesen Opel\" loading=\"lazy\" \/>\t\t\t\t\t\t\t\t\t\t\t\t\t\t\t<\/div>\n\t\t\t\t<\/div>\n\t\t\t\t<\/div>\n\t\t\t\t<\/div>\n\t\t\t\t\t<\/div>\n\t\t\t\t<\/div>\n\t\t<div class=\"elementor-element elementor-element-e0c5fee e-con-full e-flex e-con e-parent\" data-id=\"e0c5fee\" data-element_type=\"container\">\n\t\t<div class=\"elementor-element elementor-element-ee3e208 e-con-full e-flex e-con e-child\" data-id=\"ee3e208\" data-element_type=\"container\" data-settings=\"{&quot;background_background&quot;:&quot;classic&quot;}\">\n\t\t<div class=\"elementor-element elementor-element-c0d6ff2 e-con-full e-flex e-con e-child\" data-id=\"c0d6ff2\" data-element_type=\"container\">\n\t\t\t\t<div class=\"elementor-element elementor-element-0c32afa elementor-widget__width-initial elementor-widget elementor-widget-text-editor\" data-id=\"0c32afa\" data-element_type=\"widget\" data-widget_type=\"text-editor.default\">\n\t\t\t\t<div class=\"elementor-widget-container\">\n\t\t\t\t\t\t\t\t\t<p>Gegr\u00fcndet 1998 von Michael Opel, hat sich unser Fliesenverlegebetrieb im Laufe der Jahre einen exzellenten Ruf im Fliesenlegerhandwerk f\u00fcr <a href=\"\/fliesenarbeiten\/\">Fliesenarbeiten<\/a> erarbeitet. 2003 legte Michael Opel mit dem Bestehen der Meisterpr\u00fcfung den Grundstein f\u00fcr die Weiterentwicklung des Unternehmens zum Meisterbetrieb.<\/p><p>Seitdem sind wir stolz, als Innungsbetrieb und anerkannter Ausbildungsbetrieb der Handwerkskammer Oldenburg t\u00e4tig zu sein.<\/p>\t\t\t\t\t\t\t\t<\/div>\n\t\t\t\t<\/div>\n\t\t\t\t<\/div>\n\t\t<div class=\"elementor-element elementor-element-9ff4977 e-con-full elementor-hidden-tablet e-flex e-con e-child\" data-id=\"9ff4977\" data-element_type=\"container\">\n\t\t\t\t<\/div>\n\t\t\t\t<\/div>\n\t\t\t\t<\/div>\n\t\t<div class=\"elementor-element elementor-element-8df32a5 e-flex e-con-boxed e-con e-parent\" data-id=\"8df32a5\" data-element_type=\"container\">\n\t\t\t\t\t<div class=\"e-con-inner\">\n\t\t<div class=\"elementor-element elementor-element-1be5bed e-con-full e-flex e-con e-child\" data-id=\"1be5bed\" data-element_type=\"container\">\n\t\t\t\t<div class=\"elementor-element elementor-element-c7f67f3 e-transform elementor-widget elementor-widget-image\" data-id=\"c7f67f3\" data-element_type=\"widget\" data-settings=\"{&quot;_transform_translateX_effect&quot;:{&quot;unit&quot;:&quot;rem&quot;,&quot;size&quot;:-1,&quot;sizes&quot;:[]},&quot;_transform_translateX_effect_tablet&quot;:{&quot;unit&quot;:&quot;rem&quot;,&quot;size&quot;:&quot;&quot;,&quot;sizes&quot;:[]},&quot;_transform_translateX_effect_mobile&quot;:{&quot;unit&quot;:&quot;rem&quot;,&quot;size&quot;:-0.75,&quot;sizes&quot;:[]},&quot;_transform_translateY_effect&quot;:{&quot;unit&quot;:&quot;rem&quot;,&quot;size&quot;:-5,&quot;sizes&quot;:[]},&quot;_transform_translateY_effect_tablet&quot;:{&quot;unit&quot;:&quot;rem&quot;,&quot;size&quot;:&quot;&quot;,&quot;sizes&quot;:[]},&quot;_transform_translateY_effect_mobile&quot;:{&quot;unit&quot;:&quot;rem&quot;,&quot;size&quot;:&quot;&quot;,&quot;sizes&quot;:[]}}\" data-widget_type=\"image.default\">\n\t\t\t\t<div class=\"elementor-widget-container\">\n\t\t\t\t\t\t\t\t\t\t\t\t\t\t\t<img decoding=\"async\" width=\"800\" height=\"534\" src=\"https:\/\/fliesen-opel-ocholt.de\/wp-content\/uploads\/2025\/09\/Fliesen-Opel_Team_20250828_038-1-1024x683.jpg\" class=\"attachment-large size-large wp-image-1760\" alt=\"\" srcset=\"https:\/\/fliesen-opel-ocholt.de\/wp-content\/uploads\/2025\/09\/Fliesen-Opel_Team_20250828_038-1-1024x683.jpg 1024w, https:\/\/fliesen-opel-ocholt.de\/wp-content\/uploads\/2025\/09\/Fliesen-Opel_Team_20250828_038-1-300x200.jpg 300w, https:\/\/fliesen-opel-ocholt.de\/wp-content\/uploads\/2025\/09\/Fliesen-Opel_Team_20250828_038-1-768x512.jpg 768w, https:\/\/fliesen-opel-ocholt.de\/wp-content\/uploads\/2025\/09\/Fliesen-Opel_Team_20250828_038-1.jpg 1500w\" sizes=\"(max-width: 800px) 100vw, 800px\" \/>\t\t\t\t\t\t\t\t\t\t\t\t\t\t\t<\/div>\n\t\t\t\t<\/div>\n\t\t\t\t<\/div>\n\t\t<div class=\"elementor-element elementor-element-9bf92e6 e-con-full e-flex e-con e-child\" data-id=\"9bf92e6\" data-element_type=\"container\">\n\t\t\t\t<div class=\"elementor-element elementor-element-df6d3f0 elementor-widget__width-initial elementor-widget elementor-widget-text-editor\" data-id=\"df6d3f0\" data-element_type=\"widget\" data-widget_type=\"text-editor.default\">\n\t\t\t\t<div class=\"elementor-widget-container\">\n\t\t\t\t\t\t\t\t\t<p>Um Tradition und Innovation zu vereinen und das Familienunternehmen weiterzuf\u00fchren, trat 2016 der Sohn von Michael Opel, Niklas Opel, in die Fu\u00dfstapfen seines Vaters.<\/p><p>Nach erfolgreicher Ausbildung und dem Abschluss der Gesellenpr\u00fcfung konnte Niklas als Jahrgangsbester beim Landeswettbewerb des Fliesenlegerhandwerks in Niedersachsen sein K\u00f6nnen unter Beweis stellen.<\/p><p>Nur drei Jahre sp\u00e4ter, 2019, erlangte er ebenfalls den Meistertitel und ist heute ebenso als Fliesenlegermeister Teil des Betriebs.<\/p>\t\t\t\t\t\t\t\t<\/div>\n\t\t\t\t<\/div>\n\t\t\t\t<\/div>\n\t\t\t\t\t<\/div>\n\t\t\t\t<\/div>\n\t\t<div class=\"elementor-element elementor-element-ae20e37 e-con-full e-flex e-con e-parent\" data-id=\"ae20e37\" data-element_type=\"container\">\n\t\t<div class=\"elementor-element elementor-element-ba03fac e-con-full e-flex e-con e-child\" data-id=\"ba03fac\" data-element_type=\"container\" data-settings=\"{&quot;background_background&quot;:&quot;classic&quot;}\">\n\t\t<div class=\"elementor-element elementor-element-d6059f7 e-con-full e-flex e-con e-child\" data-id=\"d6059f7\" data-element_type=\"container\">\n\t\t\t\t<div class=\"elementor-element elementor-element-839fb5d elementor-widget__width-initial elementor-widget elementor-widget-text-editor\" data-id=\"839fb5d\" data-element_type=\"widget\" data-widget_type=\"text-editor.default\">\n\t\t\t\t<div class=\"elementor-widget-container\">\n\t\t\t\t\t\t\t\t\t<p>Im Jahr 2020 setzten wir einen weiteren Meilenstein: Nach einer umfangreichen Umbauphase in der Industriestra\u00dfe in Ocholt er\u00f6ffneten wir unser modernes B\u00fcrogeb\u00e4ude mit einer gro\u00dfz\u00fcgigen <a href=\"\/fliesenhandel\">Fliesenausstellung<\/a>. Hier bieten wir Ihnen eine breite Auswahl an hochwertigen Fliesen und stehen Ihnen mit kompetenter Beratung zur Seite.<\/p><p>Heute d\u00fcrfen wir mit Stolz zwei Gesellen und zwei Auszubildende in unserem Team begr\u00fc\u00dfen und gemeinsam mit Ihnen Ihre Projekte planen und umsetzen.<\/p><p>Gerne laden wir Sie ein, nach vorheriger Terminvereinbarung unsere neuen R\u00e4umlichkeiten zu besuchen und mit uns Ihre Bauma\u00dfnahmen nach Ihren Vorstellungen zu gestalten.<\/p>\t\t\t\t\t\t\t\t<\/div>\n\t\t\t\t<\/div>\n\t\t\t\t<\/div>\n\t\t<div class=\"elementor-element elementor-element-e8b4cbf e-con-full e-transform e-flex e-con e-child\" data-id=\"e8b4cbf\" data-element_type=\"container\" data-settings=\"{&quot;_transform_translateY_effect_mobile&quot;:{&quot;unit&quot;:&quot;rem&quot;,&quot;size&quot;:-2,&quot;sizes&quot;:[]},&quot;_transform_translateX_effect_mobile&quot;:{&quot;unit&quot;:&quot;rem&quot;,&quot;size&quot;:1,&quot;sizes&quot;:[]},&quot;_transform_translateX_effect&quot;:{&quot;unit&quot;:&quot;px&quot;,&quot;size&quot;:&quot;&quot;,&quot;sizes&quot;:[]},&quot;_transform_translateX_effect_tablet&quot;:{&quot;unit&quot;:&quot;px&quot;,&quot;size&quot;:&quot;&quot;,&quot;sizes&quot;:[]},&quot;_transform_translateY_effect&quot;:{&quot;unit&quot;:&quot;px&quot;,&quot;size&quot;:&quot;&quot;,&quot;sizes&quot;:[]},&quot;_transform_translateY_effect_tablet&quot;:{&quot;unit&quot;:&quot;px&quot;,&quot;size&quot;:&quot;&quot;,&quot;sizes&quot;:[]}}\">\n\t\t\t\t<div class=\"elementor-element elementor-element-e8ac817 elementor-widget elementor-widget-image\" data-id=\"e8ac817\" data-element_type=\"widget\" data-widget_type=\"image.default\">\n\t\t\t\t<div class=\"elementor-widget-container\">\n\t\t\t\t\t\t\t\t\t\t\t\t\t\t\t<img decoding=\"async\" width=\"800\" height=\"416\" src=\"https:\/\/fliesen-opel-ocholt.de\/wp-content\/uploads\/2025\/09\/fliesen-opel-ocholt-standort.jpg\" class=\"attachment-large size-large wp-image-1258\" alt=\"Standort von Fliesen Opel in Ocholt\" srcset=\"https:\/\/fliesen-opel-ocholt.de\/wp-content\/uploads\/2025\/09\/fliesen-opel-ocholt-standort.jpg 800w, https:\/\/fliesen-opel-ocholt.de\/wp-content\/uploads\/2025\/09\/fliesen-opel-ocholt-standort-300x156.jpg 300w, https:\/\/fliesen-opel-ocholt.de\/wp-content\/uploads\/2025\/09\/fliesen-opel-ocholt-standort-768x399.jpg 768w\" sizes=\"(max-width: 800px) 100vw, 800px\" \/>\t\t\t\t\t\t\t\t\t\t\t\t\t\t\t<\/div>\n\t\t\t\t<\/div>\n\t\t\t\t<\/div>\n\t\t\t\t<\/div>\n\t\t\t\t<\/div>\n\t\t<div class=\"elementor-element elementor-element-62f8277b e-con-full e-flex e-con e-parent\" data-id=\"62f8277b\" data-element_type=\"container\" data-settings=\"{&quot;background_background&quot;:&quot;classic&quot;}\">\n\t\t\t\t<div class=\"elementor-element elementor-element-61ddd794 elementor-cta--layout-image-below elementor-cta--skin-classic elementor-animated-content elementor-bg-transform elementor-bg-transform-zoom-in elementor-widget elementor-widget-call-to-action\" data-id=\"61ddd794\" data-element_type=\"widget\" data-widget_type=\"call-to-action.default\">\n\t\t\t\t<div class=\"elementor-widget-container\">\n\t\t\t\t\t\t\t<div class=\"elementor-cta\">\n\t\t\t\t\t\t\t<div class=\"elementor-cta__content\">\n\t\t\t\t\n\t\t\t\t\t\t\t\t\t<h2 class=\"elementor-cta__title elementor-cta__content-item elementor-content-item\">\n\t\t\t\t\t\tUnser Meisterbetrieb hat Sie \u00fcberzeugt ?\t\t\t\t\t<\/h2>\n\t\t\t\t\n\t\t\t\t\t\t\t\t\t<div class=\"elementor-cta__description elementor-cta__content-item elementor-content-item\">\n\t\t\t\t\t\tGerne beraten wir Sie zu Ihrem Projekt !\t\t\t\t\t<\/div>\n\t\t\t\t\n\t\t\t\t\t\t\t\t\t<div class=\"elementor-cta__button-wrapper elementor-cta__content-item elementor-content-item \">\n\t\t\t\t\t<a class=\"elementor-cta__button elementor-button elementor-size-\" href=\"\/kontakt\">\n\t\t\t\t\t\tJetzt beraten lassen\t\t\t\t\t<\/a>\n\t\t\t\t\t<\/div>\n\t\t\t\t\t\t\t<\/div>\n\t\t\t\t\t\t<\/div>\n\t\t\t\t\t\t<\/div>\n\t\t\t\t<\/div>\n\t\t\t\t<\/div>\n\t\t\t\t<\/div>\n\t\t","protected":false},"excerpt":{"rendered":"<p>\u00dcber uns Meisterbetrieb Opel \u2013 seit \u00fcber 20 Jahren Ihr Partner Als traditionelles Familienunternehmen verbinden wir Handwerk und Design rund um die Themen Fliesen, Platten und Mosaike. \u00dcber uns Meisterbetrieb Opel \u2013 seit \u00fcber 20 Jahren Ihr Partner Als traditionelles Familienunternehmen verbinden wir Handwerk und Design rund um die Themen Fliesen, Platten und Mosaike. Fliesenverlege&shy;betrieb [&hellip;]<\/p>\n","protected":false},"author":2,"featured_media":0,"parent":19,"menu_order":0,"comment_status":"closed","ping_status":"closed","template":"","meta":{"footnotes":""},"class_list":["post-32","page","type-page","status-publish","hentry"],"_links":{"self":[{"href":"https:\/\/fliesen-opel-ocholt.de\/index.php\/wp-json\/wp\/v2\/pages\/32","targetHints":{"allow":["GET"]}}],"collection":[{"href":"https:\/\/fliesen-opel-ocholt.de\/index.php\/wp-json\/wp\/v2\/pages"}],"about":[{"href":"https:\/\/fliesen-opel-ocholt.de\/index.php\/wp-json\/wp\/v2\/types\/page"}],"author":[{"embeddable":true,"href":"https:\/\/fliesen-opel-ocholt.de\/index.php\/wp-json\/wp\/v2\/users\/2"}],"replies":[{"embeddable":true,"href":"https:\/\/fliesen-opel-ocholt.de\/index.php\/wp-json\/wp\/v2\/comments?post=32"}],"version-history":[{"count":244,"href":"https:\/\/fliesen-opel-ocholt.de\/index.php\/wp-json\/wp\/v2\/pages\/32\/revisions"}],"predecessor-version":[{"id":1935,"href":"https:\/\/fliesen-opel-ocholt.de\/index.php\/wp-json\/wp\/v2\/pages\/32\/revisions\/1935"}],"up":[{"embeddable":true,"href":"https:\/\/fliesen-opel-ocholt.de\/index.php\/wp-json\/wp\/v2\/pages\/19"}],"wp:attachment":[{"href":"https:\/\/fliesen-opel-ocholt.de\/index.php\/wp-json\/wp\/v2\/media?parent=32"}],"curies":[{"name":"wp","href":"https:\/\/api.w.org\/{rel}","templated":true}]}}