{"id":334,"date":"2024-12-06T12:24:50","date_gmt":"2024-12-06T11:24:50","guid":{"rendered":"https:\/\/fliesen-opel-ocholt.de\/?page_id=334"},"modified":"2025-09-19T11:42:26","modified_gmt":"2025-09-19T09:42:26","slug":"partner","status":"publish","type":"page","link":"https:\/\/fliesen-opel-ocholt.de\/partner\/","title":{"rendered":"Partner"},"content":{"rendered":"\t\t<div data-elementor-type=\"wp-page\" data-elementor-id=\"334\" class=\"elementor elementor-334\" data-elementor-post-type=\"page\">\n\t\t\t\t<div class=\"elementor-element elementor-element-3a5f5f6 e-con-full elementor-hidden-mobile e-flex e-con e-parent\" data-id=\"3a5f5f6\" data-element_type=\"container\" data-settings=\"{&quot;background_background&quot;:&quot;slideshow&quot;,&quot;background_slideshow_gallery&quot;:[{&quot;id&quot;:409,&quot;url&quot;:&quot;https:\\\/\\\/fliesen-opel-ocholt.de\\\/wp-content\\\/uploads\\\/2024\\\/12\\\/fliesen-opel-fliesenarbeiten-partner-header.jpg&quot;}],&quot;background_slideshow_loop&quot;:&quot;yes&quot;,&quot;background_slideshow_slide_duration&quot;:5000,&quot;background_slideshow_slide_transition&quot;:&quot;fade&quot;,&quot;background_slideshow_transition_duration&quot;:500}\">\n\t\t<div class=\"elementor-element elementor-element-2921f42d e-flex e-con-boxed e-con e-child\" data-id=\"2921f42d\" data-element_type=\"container\" data-settings=\"{&quot;background_background&quot;:&quot;classic&quot;}\">\n\t\t\t\t\t<div class=\"e-con-inner\">\n\t\t\t\t<div class=\"elementor-element elementor-element-6ed1de9f elementor-widget__width-initial elementor-widget elementor-widget-heading\" data-id=\"6ed1de9f\" data-element_type=\"widget\" data-widget_type=\"heading.default\">\n\t\t\t\t<div class=\"elementor-widget-container\">\n\t\t\t\t\t<h1 class=\"elementor-heading-title elementor-size-default\">Unsere Partner<\/h1>\t\t\t\t<\/div>\n\t\t\t\t<\/div>\n\t\t\t\t<div class=\"elementor-element elementor-element-2fe74ea9 elementor-widget__width-initial elementor-widget elementor-widget-heading\" data-id=\"2fe74ea9\" data-element_type=\"widget\" data-widget_type=\"heading.default\">\n\t\t\t\t<div class=\"elementor-widget-container\">\n\t\t\t\t\t<h2 class=\"elementor-heading-title elementor-size-default\">Gewerke \u00fcber Fliesenarbeiten hinaus, die wir Ihnen gerne empfehlen.<\/h2>\t\t\t\t<\/div>\n\t\t\t\t<\/div>\n\t\t\t\t<div class=\"elementor-element elementor-element-49b9751 elementor-widget__width-initial elementor-widget elementor-widget-text-editor\" data-id=\"49b9751\" data-element_type=\"widget\" data-widget_type=\"text-editor.default\">\n\t\t\t\t<div class=\"elementor-widget-container\">\n\t\t\t\t\t\t\t\t\t<p>Manchmal ist es gut einen starken Partner an seiner Seite zu wissen. Mit diesen Experten aus unserem Netzwerk erreichen Sie Ihre Ziele und W\u00fcnsche einfach und \u00fcberzeugend.<\/p>\t\t\t\t\t\t\t\t<\/div>\n\t\t\t\t<\/div>\n\t\t\t\t\t<\/div>\n\t\t\t\t<\/div>\n\t\t\t\t<\/div>\n\t\t<div class=\"elementor-element elementor-element-70ebcce e-con-full elementor-hidden-desktop elementor-hidden-tablet e-flex e-con e-parent\" data-id=\"70ebcce\" data-element_type=\"container\">\n\t\t\t\t<div class=\"elementor-element elementor-element-0940e61 elementor-widget elementor-widget-image\" data-id=\"0940e61\" data-element_type=\"widget\" data-widget_type=\"image.default\">\n\t\t\t\t<div class=\"elementor-widget-container\">\n\t\t\t\t\t\t\t\t\t\t\t\t\t\t\t<img fetchpriority=\"high\" decoding=\"async\" width=\"800\" height=\"400\" src=\"https:\/\/fliesen-opel-ocholt.de\/wp-content\/uploads\/2024\/12\/fliesen-opel-fliesenarbeiten-partner-header-1024x512.jpg\" class=\"attachment-large size-large wp-image-409\" alt=\"\" srcset=\"https:\/\/fliesen-opel-ocholt.de\/wp-content\/uploads\/2024\/12\/fliesen-opel-fliesenarbeiten-partner-header-1024x512.jpg 1024w, https:\/\/fliesen-opel-ocholt.de\/wp-content\/uploads\/2024\/12\/fliesen-opel-fliesenarbeiten-partner-header-300x150.jpg 300w, https:\/\/fliesen-opel-ocholt.de\/wp-content\/uploads\/2024\/12\/fliesen-opel-fliesenarbeiten-partner-header-768x384.jpg 768w, https:\/\/fliesen-opel-ocholt.de\/wp-content\/uploads\/2024\/12\/fliesen-opel-fliesenarbeiten-partner-header.jpg 1440w\" sizes=\"(max-width: 800px) 100vw, 800px\" \/>\t\t\t\t\t\t\t\t\t\t\t\t\t\t\t<\/div>\n\t\t\t\t<\/div>\n\t\t<div class=\"elementor-element elementor-element-0343142 e-flex e-con-boxed e-con e-child\" data-id=\"0343142\" data-element_type=\"container\" data-settings=\"{&quot;background_background&quot;:&quot;classic&quot;}\">\n\t\t\t\t\t<div class=\"e-con-inner\">\n\t\t\t\t<div class=\"elementor-element elementor-element-b64065a elementor-widget__width-initial elementor-widget elementor-widget-heading\" data-id=\"b64065a\" data-element_type=\"widget\" data-widget_type=\"heading.default\">\n\t\t\t\t<div class=\"elementor-widget-container\">\n\t\t\t\t\t<h1 class=\"elementor-heading-title elementor-size-default\">Unsere Partner<\/h1>\t\t\t\t<\/div>\n\t\t\t\t<\/div>\n\t\t\t\t<div class=\"elementor-element elementor-element-455fad9 elementor-widget__width-initial elementor-widget elementor-widget-heading\" data-id=\"455fad9\" data-element_type=\"widget\" data-widget_type=\"heading.default\">\n\t\t\t\t<div class=\"elementor-widget-container\">\n\t\t\t\t\t<h2 class=\"elementor-heading-title elementor-size-default\">Gewerke \u00fcber Fliesenarbeiten hinaus, die wir Ihnen gerne empfehlen.<\/h2>\t\t\t\t<\/div>\n\t\t\t\t<\/div>\n\t\t\t\t<div class=\"elementor-element elementor-element-bfd329b elementor-widget__width-initial elementor-widget elementor-widget-text-editor\" data-id=\"bfd329b\" data-element_type=\"widget\" data-widget_type=\"text-editor.default\">\n\t\t\t\t<div class=\"elementor-widget-container\">\n\t\t\t\t\t\t\t\t\t<p>Manchmal ist es gut einen starken Partner an seiner Seite zu wissen. Mit diesen Experten aus unserem Netzwerk erreichen Sie Ihre Ziele und W\u00fcnsche einfach und \u00fcberzeugend.<\/p>\t\t\t\t\t\t\t\t<\/div>\n\t\t\t\t<\/div>\n\t\t\t\t\t<\/div>\n\t\t\t\t<\/div>\n\t\t\t\t<\/div>\n\t\t<div class=\"elementor-element elementor-element-30e1d26 e-flex e-con-boxed e-con e-parent\" data-id=\"30e1d26\" data-element_type=\"container\">\n\t\t\t\t\t<div class=\"e-con-inner\">\n\t\t<div class=\"elementor-element elementor-element-0458ef1 e-con-full e-flex e-con e-child\" data-id=\"0458ef1\" data-element_type=\"container\">\n\t\t<div class=\"elementor-element elementor-element-c6c9b76 e-con-full e-flex e-con e-child\" data-id=\"c6c9b76\" data-element_type=\"container\">\n\t\t\t\t<div class=\"elementor-element elementor-element-49f921b elementor-widget elementor-widget-heading\" data-id=\"49f921b\" data-element_type=\"widget\" data-widget_type=\"heading.default\">\n\t\t\t\t<div class=\"elementor-widget-container\">\n\t\t\t\t\t<h2 class=\"elementor-heading-title elementor-size-default\">Erfolgreiche Projekte basieren auf starken Partnerschaften<\/h2>\t\t\t\t<\/div>\n\t\t\t\t<\/div>\n\t\t\t\t<div class=\"elementor-element elementor-element-548f778 elementor-widget__width-initial elementor-widget elementor-widget-text-editor\" data-id=\"548f778\" data-element_type=\"widget\" data-widget_type=\"text-editor.default\">\n\t\t\t\t<div class=\"elementor-widget-container\">\n\t\t\t\t\t\t\t\t\t<p>Gemeinsam mit erfahrenen Experten aus allen Gewerken bieten wir Ihnen L\u00f6sungen, die Funktionalit\u00e4t und Design perfekt verbinden.<\/p>\t\t\t\t\t\t\t\t<\/div>\n\t\t\t\t<\/div>\n\t\t\t\t<\/div>\n\t\t<div class=\"elementor-element elementor-element-f222da9 e-con-full e-flex e-con e-child\" data-id=\"f222da9\" data-element_type=\"container\">\n\t\t\t\t<div class=\"elementor-element elementor-element-e356176 e-transform elementor-widget elementor-widget-image\" data-id=\"e356176\" data-element_type=\"widget\" data-settings=\"{&quot;_transform_translateX_effect&quot;:{&quot;unit&quot;:&quot;rem&quot;,&quot;size&quot;:2,&quot;sizes&quot;:[]},&quot;_transform_translateX_effect_tablet&quot;:{&quot;unit&quot;:&quot;rem&quot;,&quot;size&quot;:&quot;&quot;,&quot;sizes&quot;:[]},&quot;_transform_translateX_effect_mobile&quot;:{&quot;unit&quot;:&quot;rem&quot;,&quot;size&quot;:&quot;&quot;,&quot;sizes&quot;:[]},&quot;_transform_translateY_effect&quot;:{&quot;unit&quot;:&quot;rem&quot;,&quot;size&quot;:8,&quot;sizes&quot;:[]},&quot;_transform_translateY_effect_tablet&quot;:{&quot;unit&quot;:&quot;rem&quot;,&quot;size&quot;:10,&quot;sizes&quot;:[]},&quot;_transform_translateY_effect_mobile&quot;:{&quot;unit&quot;:&quot;rem&quot;,&quot;size&quot;:3,&quot;sizes&quot;:[]}}\" data-widget_type=\"image.default\">\n\t\t\t\t<div class=\"elementor-widget-container\">\n\t\t\t\t\t\t\t\t\t\t\t\t\t\t\t<img decoding=\"async\" src=\"https:\/\/fliesen-opel-ocholt.de\/wp-content\/uploads\/elementor\/thumbs\/Fliesen-Opel_Team_20250828_012-1-rbzbhtp232f93vxr8vnp0qiouqyqmml2xvadwxybk0.jpg\" title=\"Team von Fliesen Opel\" alt=\"Team von Fliesen Opel\" loading=\"lazy\" \/>\t\t\t\t\t\t\t\t\t\t\t\t\t\t\t<\/div>\n\t\t\t\t<\/div>\n\t\t\t\t<\/div>\n\t\t\t\t<\/div>\n\t\t\t\t\t<\/div>\n\t\t\t\t<\/div>\n\t\t<div class=\"elementor-element elementor-element-3225e55 e-con-full e-flex e-con e-parent\" data-id=\"3225e55\" data-element_type=\"container\">\n\t\t<div class=\"elementor-element elementor-element-b7261b1 e-con-full e-flex e-con e-child\" data-id=\"b7261b1\" data-element_type=\"container\" data-settings=\"{&quot;background_background&quot;:&quot;classic&quot;}\">\n\t\t<div class=\"elementor-element elementor-element-85b101d e-con-full e-flex e-con e-child\" data-id=\"85b101d\" data-element_type=\"container\">\n\t\t\t\t<div class=\"elementor-element elementor-element-555b6c2 elementor-widget__width-initial elementor-widget elementor-widget-text-editor\" data-id=\"555b6c2\" data-element_type=\"widget\" data-widget_type=\"text-editor.default\">\n\t\t\t\t<div class=\"elementor-widget-container\">\n\t\t\t\t\t\t\t\t\t<p>Unser Fokus liegt auf Qualit\u00e4t, Langlebigkeit und Ihrem individuellen Stil. Mit einem eingespielten Netzwerk von Profis setzen wir Ihre Ideen um \u2013 sei es bei der Neugestaltung eines Badezimmers oder der Versch\u00f6nerung Ihrer Wohnr\u00e4ume.<\/p><p>Vertrauen Sie auf unsere Expertise und freuen Sie sich auf Ergebnisse, die \u00fcberzeugen!<\/p>\t\t\t\t\t\t\t\t<\/div>\n\t\t\t\t<\/div>\n\t\t\t\t<\/div>\n\t\t<div class=\"elementor-element elementor-element-f78e21c e-con-full e-flex e-con e-child\" data-id=\"f78e21c\" data-element_type=\"container\">\n\t\t\t\t<\/div>\n\t\t\t\t<\/div>\n\t\t\t\t<\/div>\n\t\t<div class=\"elementor-element elementor-element-3d2caad e-flex e-con-boxed e-con e-parent\" data-id=\"3d2caad\" data-element_type=\"container\">\n\t\t\t\t\t<div class=\"e-con-inner\">\n\t\t<div class=\"elementor-element elementor-element-0980e48 e-con-full e-flex e-con e-child\" data-id=\"0980e48\" data-element_type=\"container\">\n\t\t\t\t<div class=\"elementor-element elementor-element-9f16406 elementor-widget elementor-widget-image\" data-id=\"9f16406\" data-element_type=\"widget\" data-widget_type=\"image.default\">\n\t\t\t\t<div class=\"elementor-widget-container\">\n\t\t\t\t\t\t\t\t\t\t\t\t\t\t\t\t<a href=\"https:\/\/abgtherm.de\/\" target=\"_blank\">\n\t\t\t\t\t\t\t<img decoding=\"async\" src=\"https:\/\/fliesen-opel-ocholt.de\/wp-content\/uploads\/elementor\/thumbs\/fliesen-opel-partnerlogo-abgtherm-sanitaer-qyfy0a5dj932onph1q50329dcvpyl3jvh5f6e5ydny.png\" title=\"Partner ABGtherm Sanit\u00e4r\" alt=\"zur Website von ABGtherm Sanit\u00e4r (\u00f6ffnet in neuem Fenster)\" loading=\"lazy\" \/>\t\t\t\t\t\t\t\t<\/a>\n\t\t\t\t\t\t\t\t\t\t\t\t\t\t\t<\/div>\n\t\t\t\t<\/div>\n\t\t\t\t<\/div>\n\t\t<div class=\"elementor-element elementor-element-3e0e403 e-con-full e-flex e-con e-child\" data-id=\"3e0e403\" data-element_type=\"container\">\n\t\t\t\t<div class=\"elementor-element elementor-element-4d86973 elementor-widget elementor-widget-image\" data-id=\"4d86973\" data-element_type=\"widget\" data-widget_type=\"image.default\">\n\t\t\t\t<div class=\"elementor-widget-container\">\n\t\t\t\t\t\t\t\t\t\t\t\t\t\t\t\t<a href=\"https:\/\/krueger-apen.de\/\" target=\"_blank\">\n\t\t\t\t\t\t\t<img decoding=\"async\" src=\"https:\/\/fliesen-opel-ocholt.de\/wp-content\/uploads\/elementor\/thumbs\/fliesen-opel-partnerlogo-krueger-apen-sanitaer-qyfuaa9n9hnjlucfhszmmvjsrg69afledxfbi4ms6w.jpg\" title=\"Partner Kr\u00fcger Sanit\u00e4r Apen\" alt=\"zur Website von Kr\u00fcger Sanit\u00e4r Apen (\u00f6ffnet in neuem Fenster)\" loading=\"lazy\" \/>\t\t\t\t\t\t\t\t<\/a>\n\t\t\t\t\t\t\t\t\t\t\t\t\t\t\t<\/div>\n\t\t\t\t<\/div>\n\t\t\t\t<\/div>\n\t\t<div class=\"elementor-element elementor-element-78cb18c e-con-full e-flex e-con e-child\" data-id=\"78cb18c\" data-element_type=\"container\">\n\t\t\t\t<div class=\"elementor-element elementor-element-0ea88fc elementor-widget elementor-widget-image\" data-id=\"0ea88fc\" data-element_type=\"widget\" data-widget_type=\"image.default\">\n\t\t\t\t<div class=\"elementor-widget-container\">\n\t\t\t\t\t\t\t\t\t\t\t\t\t\t\t<img decoding=\"async\" src=\"https:\/\/fliesen-opel-ocholt.de\/wp-content\/uploads\/elementor\/thumbs\/fliesen-opel-partnerlogo-merta-maler-qyfyge3so14zo2b1z6ttbhwrvmbfici9cvxrhw2gry.png\" title=\"Partner Merta und Merta Malerfachbetrieb\" alt=\"Partner Merta und Merta Malerfachbetrieb\" loading=\"lazy\" \/>\t\t\t\t\t\t\t\t\t\t\t\t\t\t\t<\/div>\n\t\t\t\t<\/div>\n\t\t\t\t<\/div>\n\t\t<div class=\"elementor-element elementor-element-4ddfa77 e-con-full e-flex e-con e-child\" data-id=\"4ddfa77\" data-element_type=\"container\">\n\t\t\t\t<div class=\"elementor-element elementor-element-ff0d8f8 elementor-widget elementor-widget-image\" data-id=\"ff0d8f8\" data-element_type=\"widget\" data-widget_type=\"image.default\">\n\t\t\t\t<div class=\"elementor-widget-container\">\n\t\t\t\t\t\t\t\t\t\t\t\t\t\t\t\t<a href=\"https:\/\/marohn-versorgungstechnik.de\/\" target=\"_blank\">\n\t\t\t\t\t\t\t<img decoding=\"async\" src=\"https:\/\/fliesen-opel-ocholt.de\/wp-content\/uploads\/elementor\/thumbs\/fliesen-opel-partnerlogo-marohn-sanitaer-qyfyn2qh9mae88liy2ub1t6ry9de8v1jlyy2cq5obu.png\" title=\"Partner Marohn Versorgungstechnik\" alt=\"Partner Marohn Versorgungstechnik\" loading=\"lazy\" \/>\t\t\t\t\t\t\t\t<\/a>\n\t\t\t\t\t\t\t\t\t\t\t\t\t\t\t<\/div>\n\t\t\t\t<\/div>\n\t\t\t\t<\/div>\n\t\t<div class=\"elementor-element elementor-element-0fdda98 e-con-full e-flex e-con e-child\" data-id=\"0fdda98\" data-element_type=\"container\">\n\t\t\t\t<div class=\"elementor-element elementor-element-ab53d3b elementor-widget elementor-widget-image\" data-id=\"ab53d3b\" data-element_type=\"widget\" data-widget_type=\"image.default\">\n\t\t\t\t<div class=\"elementor-widget-container\">\n\t\t\t\t\t\t\t\t\t\t\t\t\t\t\t\t<a href=\"http:\/\/raebo.de\/\" target=\"_blank\">\n\t\t\t\t\t\t\t<img decoding=\"async\" src=\"https:\/\/fliesen-opel-ocholt.de\/wp-content\/uploads\/elementor\/thumbs\/fliesen-opel-partnerlogo-raebo-tischlerei-qyfs7ufs0tr25kh164m9o5sn5x2spd2nthi0a907cw.jpg\" title=\"Partner Tischlerei R\u00e4deker und Bohlje\" alt=\"zur Website von Tischlerei R\u00e4deker und Bohlje (\u00f6ffnet in neuem Fenster)\" loading=\"lazy\" \/>\t\t\t\t\t\t\t\t<\/a>\n\t\t\t\t\t\t\t\t\t\t\t\t\t\t\t<\/div>\n\t\t\t\t<\/div>\n\t\t\t\t<\/div>\n\t\t<div class=\"elementor-element elementor-element-02633ac e-con-full e-flex e-con e-child\" data-id=\"02633ac\" data-element_type=\"container\">\n\t\t\t\t<\/div>\n\t\t\t\t\t<\/div>\n\t\t\t\t<\/div>\n\t\t<div class=\"elementor-element elementor-element-10ff6b09 e-con-full e-flex e-con e-parent\" data-id=\"10ff6b09\" data-element_type=\"container\" data-settings=\"{&quot;background_background&quot;:&quot;classic&quot;}\">\n\t\t\t\t<div class=\"elementor-element elementor-element-19c20de1 elementor-cta--layout-image-below elementor-cta--skin-classic elementor-animated-content elementor-bg-transform elementor-bg-transform-zoom-in elementor-widget elementor-widget-call-to-action\" data-id=\"19c20de1\" data-element_type=\"widget\" data-widget_type=\"call-to-action.default\">\n\t\t\t\t<div class=\"elementor-widget-container\">\n\t\t\t\t\t\t\t<div class=\"elementor-cta\">\n\t\t\t\t\t\t\t<div class=\"elementor-cta__content\">\n\t\t\t\t\n\t\t\t\t\t\t\t\t\t<h2 class=\"elementor-cta__title elementor-cta__content-item elementor-content-item\">\n\t\t\t\t\t\tSie ben\u00f6tigen einen starken Partner ?\t\t\t\t\t<\/h2>\n\t\t\t\t\n\t\t\t\t\t\t\t\t\t<div class=\"elementor-cta__description elementor-cta__content-item elementor-content-item\">\n\t\t\t\t\t\tWie helfen Ihnen gerne !\t\t\t\t\t<\/div>\n\t\t\t\t\n\t\t\t\t\t\t\t\t\t<div class=\"elementor-cta__button-wrapper elementor-cta__content-item elementor-content-item \">\n\t\t\t\t\t<a class=\"elementor-cta__button elementor-button elementor-size-\" href=\"\/kontakt\">\n\t\t\t\t\t\tJetzt Anfrage stellen\t\t\t\t\t<\/a>\n\t\t\t\t\t<\/div>\n\t\t\t\t\t\t\t<\/div>\n\t\t\t\t\t\t<\/div>\n\t\t\t\t\t\t<\/div>\n\t\t\t\t<\/div>\n\t\t\t\t<\/div>\n\t\t\t\t<\/div>\n\t\t","protected":false},"excerpt":{"rendered":"<p>Unsere Partner Gewerke \u00fcber Fliesenarbeiten hinaus, die wir Ihnen gerne empfehlen. Manchmal ist es gut einen starken Partner an seiner Seite zu wissen. Mit diesen Experten aus unserem Netzwerk erreichen Sie Ihre Ziele und W\u00fcnsche einfach und \u00fcberzeugend. Unsere Partner Gewerke \u00fcber Fliesenarbeiten hinaus, die wir Ihnen gerne empfehlen. Manchmal ist es gut einen starken [&hellip;]<\/p>\n","protected":false},"author":2,"featured_media":0,"parent":19,"menu_order":0,"comment_status":"closed","ping_status":"closed","template":"","meta":{"footnotes":""},"class_list":["post-334","page","type-page","status-publish","hentry"],"_links":{"self":[{"href":"https:\/\/fliesen-opel-ocholt.de\/index.php\/wp-json\/wp\/v2\/pages\/334","targetHints":{"allow":["GET"]}}],"collection":[{"href":"https:\/\/fliesen-opel-ocholt.de\/index.php\/wp-json\/wp\/v2\/pages"}],"about":[{"href":"https:\/\/fliesen-opel-ocholt.de\/index.php\/wp-json\/wp\/v2\/types\/page"}],"author":[{"embeddable":true,"href":"https:\/\/fliesen-opel-ocholt.de\/index.php\/wp-json\/wp\/v2\/users\/2"}],"replies":[{"embeddable":true,"href":"https:\/\/fliesen-opel-ocholt.de\/index.php\/wp-json\/wp\/v2\/comments?post=334"}],"version-history":[{"count":124,"href":"https:\/\/fliesen-opel-ocholt.de\/index.php\/wp-json\/wp\/v2\/pages\/334\/revisions"}],"predecessor-version":[{"id":1906,"href":"https:\/\/fliesen-opel-ocholt.de\/index.php\/wp-json\/wp\/v2\/pages\/334\/revisions\/1906"}],"up":[{"embeddable":true,"href":"https:\/\/fliesen-opel-ocholt.de\/index.php\/wp-json\/wp\/v2\/pages\/19"}],"wp:attachment":[{"href":"https:\/\/fliesen-opel-ocholt.de\/index.php\/wp-json\/wp\/v2\/media?parent=334"}],"curies":[{"name":"wp","href":"https:\/\/api.w.org\/{rel}","templated":true}]}}